{"id":1580,"date":"2020-09-11T22:38:42","date_gmt":"2020-09-11T22:38:42","guid":{"rendered":"http:\/\/yiralabrador.com\/?page_id=1580"},"modified":"2020-12-08T16:57:58","modified_gmt":"2020-12-08T16:57:58","slug":"consulta","status":"publish","type":"page","link":"https:\/\/yiralabrador.com\/?page_id=1580","title":{"rendered":"En consulta"},"content":{"rendered":"<p>[vc_row][vc_column]<div id=\"sc_content_1975963730\"\r\n\t\tclass=\"sc_content sc_content_default sc_float_center sc_align_center sc_content_width_2_3\"><h3 class=\"sc_item_title sc_content_title sc_align_center sc_item_title_style_default\">Mis herramientas de trabajo<\/h3><h6 class=\"sc_item_subtitle sc_content_subtitle sc_align_center sc_item_title_style_default\">Trabajo con la persona adulta que solicita ayuda para poder desarrollarse con mayor plenitud.<\/h6><div class=\"sc_item_descr sc_content_descr sc_align_center\">Mi propia experiencia vital, mi presencia activa y compasiva, mi escucha atenta y sin prejuicios y mi mochila de conocimientos te\u00f3ricos y pr\u00e1cticos est\u00e1n al servicio de quien viene a consulta. Alguna vez me he sentido como una portadora de una peque\u00f1a l\u00e1mpara que arroja un poco de luz mientras acompa\u00f1o a dar un paso y luego otro, en medio de la oscuridad interior, hasta que un buen d\u00eda ya no soy necesaria, porque a quien acompa\u00f1aba ha encontrado su camino y su propia luz.<\/div><div class=\"sc_content_container\"><\/div><\/div><!-- \/.sc_content -->[vc_empty_space alter_height=\u00bblarge\u00bb hide_on_mobile=\u00bb\u00bb][\/vc_column][\/vc_row][vc_row full_width=\u00bbstretch_row\u00bb gap=\u00bb1&#8243; css=\u00bb.vc_custom_1599865010402{background-image: url(https:\/\/yiralabrador.com\/wp-content\/uploads\/2020\/09\/background-4_2-1.jpg?id=1539) !important;}\u00bb][vc_column width=\u00bb1\/3&#8243;][vc_single_image image=\u00bb1440&#8243; img_size=\u00bbfull\u00bb][vc_empty_space height=\u00bb64px\u00bb hide_on_mobile=\u00bb\u00bb css=\u00bb.vc_custom_1599866726067{background-color: #ffffff !important;}\u00bb]<div id=\"sc_content_1242731663\"\r\n\t\tclass=\"sc_content sc_content_default  vc_custom_1599867072778\"><h6 class=\"sc_item_subtitle sc_content_subtitle sc_align_center sc_item_title_style_default\">Enfoque gest\u00e1ltico<\/h6><div class=\"sc_content_container\"><\/div><\/div><!-- \/.sc_content -->[vc_empty_space hide_on_mobile=\u00bb\u00bb css=\u00bb.vc_custom_1599866666162{background-color: #ffffff !important;}\u00bb][vc_column_text css=\u00bb.vc_custom_1607445922697{background-color: #ffffff !important;}\u00bb]<\/p>\n<p style=\"text-align: center;\">La herramienta gest\u00e1ltica aporta al trabajo terap\u00e9utico la atenci\u00f3n sobre lo que est\u00e1 ocurriendo en el momento presente. La respiraci\u00f3n, las emociones que fluyen o son retenidas, los pensamientos esquivos o que se repiten insistentemente, el qu\u00e9 y el c\u00f3mo se dice, as\u00ed como lo que no se dice. A todos estos est\u00edmulos le damos cabida dentro de la sesi\u00f3n, con la finalidad de que la persona se vaya apropiando de sus partes, de su totalidad.<\/p>\n<p style=\"text-align: center;\"><a href=\"https:\/\/yiralabrador.com\/?cat=127\" target=\"_blank\" rel=\"noopener noreferrer\">#Respiraci\u00f3n consciente<\/a><\/p>\n<p>[\/vc_column_text][vc_empty_space alter_height=\u00bbmedium\u00bb hide_on_mobile=\u00bb\u00bb css=\u00bb.vc_custom_1600726060566{background-color: #ffffff !important;background-position: center !important;background-repeat: no-repeat !important;background-size: cover !important;}\u00bb][vc_empty_space alter_height=\u00bbsmall\u00bb hide_on_mobile=\u00bb\u00bb css=\u00bb.vc_custom_1607446469071{background-color: #ffffff !important;}\u00bb][\/vc_column][vc_column width=\u00bb1\/3&#8243;][vc_single_image image=\u00bb1541&#8243; img_size=\u00bbfull\u00bb css=\u00bb.vc_custom_1599866857010{background-color: #ffffff !important;}\u00bb][vc_empty_space height=\u00bb64px\u00bb hide_on_mobile=\u00bb\u00bb css=\u00bb.vc_custom_1599866873979{background-color: #ffffff !important;}\u00bb]<div id=\"sc_content_565247910\"\r\n\t\tclass=\"sc_content sc_content_default sc_align_center  vc_custom_1599867831586\"><h6 class=\"sc_item_subtitle sc_content_subtitle sc_align_default sc_item_title_style_default\">Enfoque sist\u00e9mico<\/h6><div class=\"sc_content_container\"><\/div><\/div><!-- \/.sc_content -->[vc_empty_space hide_on_mobile=\u00bb\u00bb css=\u00bb.vc_custom_1599867327744{background-color: #ffffff !important;}\u00bb][vc_column_text css=\u00bb.vc_custom_1607445962882{background-color: #ffffff !important;}\u00bb]<\/p>\n<p style=\"text-align: center;\">La herramienta sist\u00e9mica aporta una visi\u00f3n global de la persona, su lugar en su sistema familiar, los v\u00ednculos y alianzas que ha establecido con su lugar de origen, familia, cultura. De esta manera el abordaje de los problemas que le traen a consulta es m\u00e1s amplio, buscando integrar aquello que ha sido separado, aquello que ha sido olvidado pero que su eco en el presente es doloroso.Se aplica tanto en sesi\u00f3n individual como en talleres grupales.<\/p>\n<p style=\"text-align: center;\"><a href=\"https:\/\/yiralabrador.com\/?cat=124\" target=\"_blank\" rel=\"noopener noreferrer\">#La vida como regalo<\/a><\/p>\n<p>[\/vc_column_text][vc_empty_space alter_height=\u00bbmedium\u00bb hide_on_mobile=\u00bb\u00bb css=\u00bb.vc_custom_1600726258953{background-color: #ffffff !important;}\u00bb][vc_empty_space alter_height=\u00bbsmall\u00bb hide_on_mobile=\u00bb\u00bb css=\u00bb.vc_custom_1607446435142{background-color: #ffffff !important;}\u00bb][\/vc_column][vc_column width=\u00bb1\/3&#8243; css=\u00bb.vc_custom_1599864051819{background-position: 0 0 !important;background-repeat: no-repeat !important;}\u00bb][vc_single_image image=\u00bb1543&#8243; img_size=\u00bbfull\u00bb alignment=\u00bbcenter\u00bb][vc_empty_space height=\u00bb64px\u00bb hide_on_mobile=\u00bb\u00bb css=\u00bb.vc_custom_1599866291153{background-color: #ffffff !important;}\u00bb]<div id=\"sc_content_1750219256\"\r\n\t\tclass=\"sc_content sc_content_default  vc_custom_1600027681917\"><h6 class=\"sc_item_subtitle sc_content_subtitle sc_align_center sc_item_title_style_default\">An\u00e1lisis del car\u00e1cter<\/h6><div class=\"sc_content_container\"><\/div><\/div><!-- \/.sc_content -->[vc_empty_space hide_on_mobile=\u00bb\u00bb css=\u00bb.vc_custom_1599866127923{background-color: #ffffff !important;}\u00bb][vc_column_text css=\u00bb.vc_custom_1607446246399{background-color: #ffffff !important;}\u00bb]<\/p>\n<p style=\"text-align: center;\">La herramienta del an\u00e1lisis del car\u00e1cter aporta un mapa para comprender el desarrollo evolutivo de la personalidad, d\u00f3nde se han quedado ancladas las conductas y las emociones que no le permiten vivir con alegr\u00eda y en consonancia con su destino. Con la mirada puesta en la potencialidad que hay en el interior de cada persona. Acogiendo y cuestionando lo que le hace da\u00f1o a s\u00ed misma y a su entorno. Soltando las capas que envuelven y limitan la potencialidad amorosa y creativa<\/p>\n<p style=\"text-align: center;\"><a href=\"https:\/\/yiralabrador.com\/?cat=117\">#Escucha compasiva<\/a><\/p>\n<p>[\/vc_column_text][vc_empty_space alter_height=\u00bbmedium\u00bb hide_on_mobile=\u00bb\u00bb css=\u00bb.vc_custom_1600726222963{background-color: #ffffff !important;background-position: center !important;background-repeat: no-repeat !important;background-size: cover !important;}\u00bb][\/vc_column][\/vc_row]<\/p>\n","protected":false},"excerpt":{"rendered":"<p>[vc_row][vc_column][vc_empty_space alter_height=\u00bblarge\u00bb hide_on_mobile=\u00bb\u00bb][\/vc_column][\/vc_row][vc_row full_width=\u00bbstretch_row\u00bb gap=\u00bb1&#8243; css=\u00bb.vc_custom_1599865010402{background-image: url(https:\/\/yiralabrador.com\/wp-content\/uploads\/2020\/09\/background-4_2-1.jpg?id=1539) !important;}\u00bb][vc_column width=\u00bb1\/3&#8243;][vc_single_image image=\u00bb1440&#8243; img_size=\u00bbfull\u00bb][vc_empty_space height=\u00bb64px\u00bb hide_on_mobile=\u00bb\u00bb css=\u00bb.vc_custom_1599866726067{background-color: #ffffff !important;}\u00bb][vc_empty_space hide_on_mobile=\u00bb\u00bb css=\u00bb.vc_custom_1599866666162{background-color: #ffffff !important;}\u00bb][vc_column_text css=\u00bb.vc_custom_1607445922697{background-color: #ffffff !important;}\u00bb] La herramienta gest\u00e1ltica aporta al trabajo terap\u00e9utico la atenci\u00f3n sobre lo que est\u00e1 ocurriendo en el momento presente. La respiraci\u00f3n, las emociones que fluyen o son retenidas, los pensamientos esquivos o que se repiten insistentemente, el qu\u00e9&hellip;<\/p>\n","protected":false},"author":1,"featured_media":0,"parent":0,"menu_order":0,"comment_status":"closed","ping_status":"closed","template":"","meta":{"footnotes":""},"class_list":["post-1580","page","type-page","status-publish","hentry"],"_links":{"self":[{"href":"https:\/\/yiralabrador.com\/index.php?rest_route=\/wp\/v2\/pages\/1580","targetHints":{"allow":["GET"]}}],"collection":[{"href":"https:\/\/yiralabrador.com\/index.php?rest_route=\/wp\/v2\/pages"}],"about":[{"href":"https:\/\/yiralabrador.com\/index.php?rest_route=\/wp\/v2\/types\/page"}],"author":[{"embeddable":true,"href":"https:\/\/yiralabrador.com\/index.php?rest_route=\/wp\/v2\/users\/1"}],"replies":[{"embeddable":true,"href":"https:\/\/yiralabrador.com\/index.php?rest_route=%2Fwp%2Fv2%2Fcomments&post=1580"}],"version-history":[{"count":5,"href":"https:\/\/yiralabrador.com\/index.php?rest_route=\/wp\/v2\/pages\/1580\/revisions"}],"predecessor-version":[{"id":2013,"href":"https:\/\/yiralabrador.com\/index.php?rest_route=\/wp\/v2\/pages\/1580\/revisions\/2013"}],"wp:attachment":[{"href":"https:\/\/yiralabrador.com\/index.php?rest_route=%2Fwp%2Fv2%2Fmedia&parent=1580"}],"curies":[{"name":"wp","href":"https:\/\/api.w.org\/{rel}","templated":true}]}}