{"id":1649,"date":"2020-09-15T22:48:11","date_gmt":"2020-09-15T22:48:11","guid":{"rendered":"http:\/\/yiralabrador.com\/?page_id=1649"},"modified":"2020-09-23T20:13:38","modified_gmt":"2020-09-23T20:13:38","slug":"constelaciones-familiares-y-sistemicas","status":"publish","type":"page","link":"https:\/\/yiralabrador.com\/?page_id=1649","title":{"rendered":"Constelaciones Familiares y Sist\u00e9micas"},"content":{"rendered":"<p>[vc_row][vc_column][vc_empty_space alter_height=\u00bbhuge\u00bb hide_on_mobile=\u00bb\u00bb][vc_empty_space hide_on_mobile=\u00bb\u00bb][vc_column_text css=\u00bb.vc_custom_1600209539810{margin-bottom: 0px !important;}\u00bb]<\/p>\n<h1 style=\"text-align: center;\">Constelaciones Familiares y Sist\u00e9micas<\/h1>\n<p>[\/vc_column_text][\/vc_column][\/vc_row][vc_row][vc_column][vc_empty_space height=\u00bb64px\u00bb alter_height=\u00bbmedium\u00bb hide_on_mobile=\u00bb\u00bb][\/vc_column][\/vc_row][vc_row][vc_column width=\u00bb1\/6&#8243;][\/vc_column][vc_column width=\u00bb2\/3&#8243;][vc_column_text]<\/p>\n<p style=\"text-align: center;\">Las Constelaciones Familiares y Sist\u00e9micas creadas por Bert Hellinger, ofrecen un marco para el trabajo terap\u00e9utico en el que la persona es percibida como parte de diferentes sistemas que influyen en su desarrollo. Pensamos en la familia, el trabajo, la cultura, el pa\u00eds, como los sistemas a los que todas las personas pertenecemos.<br \/>\nSu principal aportaci\u00f3n es la mirada compasiva, respetuosa e integradora sobre los s\u00edntomas que trae la persona a terapia. Buscando a trav\u00e9s de ciertas gu\u00edas u \u00f3rdenes aquello que en el sistema se ha desordenado teniendo como consecuencia el malestar. Con el objetivo de deshacer los nudos o implicaciones que dificultan el bienestar de la persona.<br \/>\nComo metodolog\u00eda puede trabajarse en consulta individual a trav\u00e9s de los mu\u00f1ecos, en talleres grupales, donde no es necesario que est\u00e9n presentes los miembros de la familia de quien consulta y movimientos sist\u00e9micos.<br \/>\nLos talleres los realizamos los psic\u00f3logos Fidel Ros Mart\u00ednez y Yira Labrador Castro, desde el a\u00f1o 2012 en Alicante.<\/p>\n<p>[\/vc_column_text][\/vc_column][vc_column width=\u00bb1\/6&#8243;][\/vc_column][\/vc_row][vc_row disable_element=\u00bbyes\u00bb][vc_column width=\u00bb1\/3&#8243;][vc_single_image image=\u00bb326&#8243; img_size=\u00bb370&#215;370&#8243; alignment=\u00bbcenter\u00bb][vc_empty_space alter_height=\u00bbmedium\u00bb hide_on_mobile=\u00bb\u00bb][\/vc_column][vc_column width=\u00bb1\/3&#8243;][vc_single_image image=\u00bb328&#8243; img_size=\u00bb370&#215;370&#8243; alignment=\u00bbcenter\u00bb][vc_empty_space alter_height=\u00bbmedium\u00bb hide_on_mobile=\u00bb\u00bb][\/vc_column][vc_column width=\u00bb1\/3&#8243;][vc_single_image image=\u00bb329&#8243; img_size=\u00bb370&#215;370&#8243; alignment=\u00bbcenter\u00bb][vc_empty_space alter_height=\u00bbmedium\u00bb hide_on_mobile=\u00bb\u00bb][\/vc_column][\/vc_row][vc_row][vc_column][vc_empty_space alter_height=\u00bblarge\u00bb hide_on_mobile=\u00bb\u00bb][\/vc_column][\/vc_row][vc_row full_width=\u00bbstretch_row_content_no_spaces\u00bb full_height=\u00bbyes\u00bb columns_placement=\u00bbstretch\u00bb equal_height=\u00bbyes\u00bb css=\u00bb.vc_custom_1599767193122{background-color: #f9f9f9 !important;}\u00bb][vc_column width=\u00bb1\/2&#8243; css=\u00bb.vc_custom_1600724675414{background-image: url(https:\/\/yiralabrador.com\/wp-content\/uploads\/2020\/09\/constelaciones2.jpg?id=1767) !important;background-position: center !important;background-repeat: no-repeat !important;background-size: cover !important;}\u00bb el_class=\u00bbbgptc\u00bb][vc_empty_space alter_height=\u00bbhuge\u00bb hide_on_mobile=\u00bb\u00bb][vc_empty_space alter_height=\u00bbhuge\u00bb hide_on_mobile=\u00bb\u00bb][vc_empty_space alter_height=\u00bbhuge\u00bb hide_on_mobile=\u00bb\u00bb][vc_empty_space alter_height=\u00bbhuge\u00bb hide_on_mobile=\u00bb\u00bb][vc_empty_space alter_height=\u00bbhuge\u00bb hide_on_mobile=\u00bb\u00bb][\/vc_column][vc_column width=\u00bb1\/2&#8243; css=\u00bb.vc_custom_1599766956078{padding-top: 0.7em !important;padding-right: 6.2em !important;padding-bottom: 0.7em !important;padding-left: 6.2em !important;background-position: 0 0 !important;background-repeat: no-repeat !important;}\u00bb][vc_empty_space alter_height=\u00bblarge\u00bb hide_on_mobile=\u00bb\u00bb]<div id=\"sc_content_1325606102\"\r\n\t\tclass=\"sc_content sc_content_default programs\"><h6 class=\"sc_item_subtitle sc_content_subtitle sc_align_default sc_item_title_style_default\">Para m\u00e1s informaci\u00f3n, puedes consultar la web de la Asociaci\u00f3n Espa\u00f1ola de Constelaciones Familiares y Sist\u00e9micas:<\/h6><div class=\"sc_content_container\">[vc_empty_space height=\u00bb0.6rem\u00bb alter_height=\u00bbnone\u00bb hide_on_mobile=\u00bb\u00bb][vc_column_text]<\/p>\n<ul class=\"trx_addons_list trx_addons_list_plus_aligned\">\n<li style=\"list-style-type: none;\">\n<h5><a href=\"https:\/\/aecfs.net\/\" target=\"_blank\" rel=\"noopener noreferrer\">HTTPS:\/\/AECFS.NET\/<\/a><\/h5>\n<\/li>\n<\/ul>\n<p>[\/vc_column_text][vc_empty_space alter_height=\u00bbmedium\u00bb hide_on_mobile=\u00bb\u00bb][vc_empty_space hide_on_mobile=\u00bb\u00bb]<\/div><\/div><!-- \/.sc_content -->[\/vc_column][\/vc_row][vc_row full_width=\u00bbstretch_row_content_no_spaces\u00bb full_height=\u00bbyes\u00bb columns_placement=\u00bbstretch\u00bb equal_height=\u00bbyes\u00bb disable_element=\u00bbyes\u00bb css=\u00bb.vc_custom_1600209585589{background-color: #f9f9f9 !important;}\u00bb][vc_column width=\u00bb1\/2&#8243; css=\u00bb.vc_custom_1476349874772{padding-top: 0.7em !important;padding-right: 6.2em !important;padding-bottom: 0.7em !important;padding-left: 6.2em !important;}\u00bb][vc_empty_space alter_height=\u00bblarge\u00bb hide_on_mobile=\u00bb\u00bb]<div id=\"sc_content_1710942244\"\r\n\t\tclass=\"sc_content sc_content_default programs\"><h6 class=\"sc_item_subtitle sc_content_subtitle sc_align_default sc_item_title_style_default\">En otros momentos de la vida, ocurre situaciones excepcionales:<\/h6><div class=\"sc_content_container\">[vc_empty_space height=\u00bb0.6rem\u00bb alter_height=\u00bbnone\u00bb hide_on_mobile=\u00bb\u00bb][vc_column_text]<\/p>\n<ul class=\"trx_addons_list trx_addons_list_plus_aligned\">\n<li>\n<h5>Enfermedades o fallecimiento de familiares, personas queridas y mascotas.<\/h5>\n<\/li>\n<li>\n<h5>P\u00e9rdida del empleo<\/h5>\n<\/li>\n<li>\n<h5>P\u00e9rdida de la pareja por separaci\u00f3n<\/h5>\n<\/li>\n<li>\n<h5>P\u00e9rdida de la propia salud<\/h5>\n<\/li>\n<li>\n<h5>Procesos de fertilizaci\u00f3n asistida<\/h5>\n<\/li>\n<li>\n<h5>Situaciones de violencia y abusos<\/h5>\n<\/li>\n<li>\n<h5>Procesos migratorios<\/h5>\n<\/li>\n<\/ul>\n<p>[\/vc_column_text][vc_empty_space alter_height=\u00bbmedium\u00bb hide_on_mobile=\u00bb\u00bb][vc_empty_space hide_on_mobile=\u00bb\u00bb]<\/div><\/div><!-- \/.sc_content -->[\/vc_column][vc_column width=\u00bb1\/2&#8243; css=\u00bb.vc_custom_1599767907871{background-image: url(https:\/\/yiralabrador.com\/wp-content\/uploads\/2020\/09\/quien3.jpg?id=1569) !important;background-position: center !important;background-repeat: no-repeat !important;background-size: cover !important;}\u00bb el_class=\u00bbbgptc\u00bb][vc_empty_space alter_height=\u00bbhuge\u00bb hide_on_mobile=\u00bb\u00bb][vc_empty_space alter_height=\u00bbhuge\u00bb hide_on_mobile=\u00bb\u00bb][vc_empty_space alter_height=\u00bbhuge\u00bb hide_on_mobile=\u00bb\u00bb][vc_empty_space alter_height=\u00bbhuge\u00bb hide_on_mobile=\u00bb\u00bb][vc_empty_space alter_height=\u00bbhuge\u00bb hide_on_mobile=\u00bb\u00bb][\/vc_column][\/vc_row][vc_row full_width=\u00bbstretch_row_content_no_spaces\u00bb full_height=\u00bbyes\u00bb columns_placement=\u00bbstretch\u00bb equal_height=\u00bbyes\u00bb disable_element=\u00bbyes\u00bb css=\u00bb.vc_custom_1600209596320{background-color: #f9f9f9 !important;}\u00bb][vc_column width=\u00bb1\/2&#8243; css=\u00bb.vc_custom_1599768584876{background-image: url(https:\/\/yiralabrador.com\/wp-content\/uploads\/2020\/09\/quien4.jpg?id=1572) !important;background-position: center !important;background-repeat: no-repeat !important;background-size: cover !important;}\u00bb el_class=\u00bbbgptc\u00bb][vc_empty_space alter_height=\u00bbhuge\u00bb hide_on_mobile=\u00bb\u00bb][vc_empty_space alter_height=\u00bbhuge\u00bb hide_on_mobile=\u00bb\u00bb][vc_empty_space alter_height=\u00bbhuge\u00bb hide_on_mobile=\u00bb\u00bb][vc_empty_space alter_height=\u00bbhuge\u00bb hide_on_mobile=\u00bb\u00bb][vc_empty_space alter_height=\u00bbhuge\u00bb hide_on_mobile=\u00bb\u00bb][\/vc_column][vc_column width=\u00bb1\/2&#8243; css=\u00bb.vc_custom_1476349874772{padding-top: 0.7em !important;padding-right: 6.2em !important;padding-bottom: 0.7em !important;padding-left: 6.2em !important;}\u00bb][vc_empty_space alter_height=\u00bblarge\u00bb hide_on_mobile=\u00bb\u00bb]<div id=\"sc_content_1568955004\"\r\n\t\tclass=\"sc_content sc_content_default programs\"><h6 class=\"sc_item_subtitle sc_content_subtitle sc_align_default sc_item_title_style_default\">Estas situaciones generan en las personas una serie de sensaciones, pensamientos, emociones conductas que dificultan en diferentes grados la capacidad de vivir con alegr\u00eda y con fluidez la propia vida.<\/h6><div class=\"sc_content_container\">[vc_empty_space height=\u00bb0.6rem\u00bb alter_height=\u00bbnone\u00bb hide_on_mobile=\u00bb\u00bb][vc_column_text]<\/p>\n<ul class=\"trx_addons_list trx_addons_list_plus_aligned\">\n<li>\n<h5>P\u00e9rdida de los l\u00edmites: al comer, beber, fumar, trabajar, cuidar de otras personas<\/h5>\n<\/li>\n<li>\n<h5>P\u00e9rdida de la motivaci\u00f3n para la vida<\/h5>\n<\/li>\n<li>\n<h5>Cansancio constante y sin una causa aparente<\/h5>\n<\/li>\n<li>\n<h5>Dificultad para el autocuidado<\/h5>\n<\/li>\n<li>\n<h5>Autoexigencia<\/h5>\n<\/li>\n<li>\n<h5>Sensaci\u00f3n de no tener un buen lugar en la familia, en la vida<\/h5>\n<\/li>\n<li>\n<h5>Dificultad para estar en pareja<\/h5>\n<\/li>\n<li>\n<h5>S\u00edntomas f\u00edsicos: dificultad para dormir, opresi\u00f3n en el pecho, llanto f\u00e1cil y sin aparente causa, rigidez, dolores en zonas del cuerpo sin causa f\u00edsica aparente<\/h5>\n<\/li>\n<li>\n<h5>Sentimientos de rabia, dolor, frustraci\u00f3n, angustia intensos y, en ocasiones, limitantes<\/h5>\n<\/li>\n<\/ul>\n<p>[\/vc_column_text][vc_empty_space alter_height=\u00bbmedium\u00bb hide_on_mobile=\u00bb\u00bb][vc_empty_space hide_on_mobile=\u00bb\u00bb]<\/div><\/div><!-- \/.sc_content -->[vc_empty_space alter_height=\u00bbmedium\u00bb hide_on_mobile=\u00bb\u00bb][\/vc_column][\/vc_row]<\/p>\n","protected":false},"excerpt":{"rendered":"<p>[vc_row][vc_column][vc_empty_space alter_height=\u00bbhuge\u00bb hide_on_mobile=\u00bb\u00bb][vc_empty_space hide_on_mobile=\u00bb\u00bb][vc_column_text css=\u00bb.vc_custom_1600209539810{margin-bottom: 0px !important;}\u00bb] Constelaciones Familiares y Sist\u00e9micas [\/vc_column_text][\/vc_column][\/vc_row][vc_row][vc_column][vc_empty_space height=\u00bb64px\u00bb alter_height=\u00bbmedium\u00bb hide_on_mobile=\u00bb\u00bb][\/vc_column][\/vc_row][vc_row][vc_column width=\u00bb1\/6&#8243;][\/vc_column][vc_column width=\u00bb2\/3&#8243;][vc_column_text] Las Constelaciones Familiares y Sist\u00e9micas creadas por Bert Hellinger, ofrecen un marco para el trabajo terap\u00e9utico en el que la persona es percibida como parte de diferentes sistemas que influyen en su desarrollo. Pensamos en la familia, el trabajo, la cultura, el pa\u00eds,&hellip;<\/p>\n","protected":false},"author":1,"featured_media":0,"parent":0,"menu_order":0,"comment_status":"closed","ping_status":"closed","template":"","meta":{"footnotes":""},"class_list":["post-1649","page","type-page","status-publish","hentry"],"_links":{"self":[{"href":"https:\/\/yiralabrador.com\/index.php?rest_route=\/wp\/v2\/pages\/1649","targetHints":{"allow":["GET"]}}],"collection":[{"href":"https:\/\/yiralabrador.com\/index.php?rest_route=\/wp\/v2\/pages"}],"about":[{"href":"https:\/\/yiralabrador.com\/index.php?rest_route=\/wp\/v2\/types\/page"}],"author":[{"embeddable":true,"href":"https:\/\/yiralabrador.com\/index.php?rest_route=\/wp\/v2\/users\/1"}],"replies":[{"embeddable":true,"href":"https:\/\/yiralabrador.com\/index.php?rest_route=%2Fwp%2Fv2%2Fcomments&post=1649"}],"version-history":[{"count":5,"href":"https:\/\/yiralabrador.com\/index.php?rest_route=\/wp\/v2\/pages\/1649\/revisions"}],"predecessor-version":[{"id":1792,"href":"https:\/\/yiralabrador.com\/index.php?rest_route=\/wp\/v2\/pages\/1649\/revisions\/1792"}],"wp:attachment":[{"href":"https:\/\/yiralabrador.com\/index.php?rest_route=%2Fwp%2Fv2%2Fmedia&parent=1649"}],"curies":[{"name":"wp","href":"https:\/\/api.w.org\/{rel}","templated":true}]}}