{"id":165,"date":"2016-09-16T08:40:33","date_gmt":"2016-09-16T08:40:33","guid":{"rendered":"http:\/\/yiralabrador.com\/?page_id=165"},"modified":"2020-11-15T19:38:01","modified_gmt":"2020-11-15T19:38:01","slug":"programs","status":"publish","type":"page","link":"https:\/\/yiralabrador.com\/?page_id=165","title":{"rendered":"Qui\u00e9n viene&#8230;"},"content":{"rendered":"<p>[vc_row][vc_column][vc_empty_space alter_height=\u00bbhuge\u00bb hide_on_mobile=\u00bb\u00bb][vc_empty_space hide_on_mobile=\u00bb\u00bb][vc_column_text css=\u00bb.vc_custom_1599765995790{margin-bottom: 0px !important;}\u00bb]<\/p>\n<h1 style=\"text-align: center;\">Qui\u00e9n viene a terapia<\/h1>\n<p>[\/vc_column_text][\/vc_column][\/vc_row][vc_row][vc_column width=\u00bb1\/6&#8243;][\/vc_column][vc_column width=\u00bb2\/3&#8243;][vc_empty_space height=\u00bb23px\u00bb alter_height=\u00bbnone\u00bb hide_on_mobile=\u00bb\u00bb][vc_column_text]<\/p>\n<p style=\"text-align: center;\"><big>Las personas somos seres complejos, capaces de sobrevivir a situaciones realmente extremas, con experiencias vitales enriquecedoras, llenas de competencias y de talento. Hasta que un d\u00eda, sentimos que necesitamos un punto de apoyo externo para continuar evolucionando, para sentirnos mejor con nosotras mismas, para alcanzar aquello que sentimos que queremos y merecemos.<\/big><br \/>\n<big>Ese el momento en que acudimos a <strong>terapia psicol\u00f3gica<\/strong>.<\/big><\/p>\n<p>[\/vc_column_text][vc_empty_space alter_height=\u00bbmedium\u00bb hide_on_mobile=\u00bb\u00bb][\/vc_column][vc_column width=\u00bb1\/6&#8243;][\/vc_column][\/vc_row][vc_row][vc_column][vc_empty_space hide_on_mobile=\u00bb\u00bb][vc_empty_space hide_on_mobile=\u00bb\u00bb]<div id=\"sc_content_1882394256\"\r\n\t\tclass=\"sc_content sc_content_default\"><h6 class=\"sc_item_subtitle sc_content_subtitle sc_align_center sc_item_title_style_default\">Si est\u00e1s en alguna de estas situaciones, ponte en contacto conmigo<\/h6><div class=\"sc_content_container\"><\/div><\/div><!-- \/.sc_content -->[vc_empty_space hide_on_mobile=\u00bb\u00bb][vc_empty_space hide_on_mobile=\u00bb\u00bb]<div class=\"sc_item_button sc_button_wrap sc_align_center\"><a href=\"https:\/\/yiralabrador.com\/?page_id=167\"\r\n\t id=\"sc_button_414465296\" \r\n\tclass=\"sc_button sc_button_default sc_button_size_normal sc_button_icon_left\"\r\n\t\t><span class=\"sc_button_text sc_align_center\"><span class=\"sc_button_title\">Contacto<\/span><\/span><!-- \/.sc_button_text --><\/a><!-- \/.sc_button --><\/div><!-- \/.sc_item_button -->[vc_empty_space hide_on_mobile=\u00bb\u00bb][\/vc_column][\/vc_row][vc_row][vc_column][vc_empty_space alter_height=\u00bblarge\u00bb hide_on_mobile=\u00bb\u00bb][\/vc_column][\/vc_row][vc_row full_width=\u00bbstretch_row_content_no_spaces\u00bb full_height=\u00bbyes\u00bb columns_placement=\u00bbstretch\u00bb equal_height=\u00bbyes\u00bb css=\u00bb.vc_custom_1599767193122{background-color: #f9f9f9 !important;}\u00bb][vc_column width=\u00bb1\/2&#8243; css=\u00bb.vc_custom_1599767305947{background-image: url(https:\/\/yiralabrador.com\/wp-content\/uploads\/2020\/09\/quien2.jpg?id=1567) !important;background-position: center !important;background-repeat: no-repeat !important;background-size: cover !important;}\u00bb el_class=\u00bbbgptc\u00bb][vc_empty_space alter_height=\u00bbhuge\u00bb hide_on_mobile=\u00bb\u00bb][vc_empty_space alter_height=\u00bbhuge\u00bb hide_on_mobile=\u00bb\u00bb][vc_empty_space alter_height=\u00bbhuge\u00bb hide_on_mobile=\u00bb\u00bb][vc_empty_space alter_height=\u00bbhuge\u00bb hide_on_mobile=\u00bb\u00bb][vc_empty_space alter_height=\u00bbhuge\u00bb hide_on_mobile=\u00bb\u00bb][\/vc_column][vc_column width=\u00bb1\/2&#8243; css=\u00bb.vc_custom_1599766956078{padding-top: 0.7em !important;padding-right: 6.2em !important;padding-bottom: 0.7em !important;padding-left: 6.2em !important;background-position: 0 0 !important;background-repeat: no-repeat !important;}\u00bb][vc_empty_space alter_height=\u00bblarge\u00bb hide_on_mobile=\u00bb\u00bb]<div id=\"sc_content_500296369\"\r\n\t\tclass=\"sc_content sc_content_default programs\"><h6 class=\"sc_item_subtitle sc_content_subtitle sc_align_default sc_item_title_style_default\">Las personas a veces nos sentimos sobrepasadas por situaciones cotidianas:<\/h6><div class=\"sc_content_container\">[vc_empty_space height=\u00bb0.6rem\u00bb alter_height=\u00bbnone\u00bb hide_on_mobile=\u00bb\u00bb][vc_column_text]<\/p>\n<ul class=\"trx_addons_list trx_addons_list_plus_aligned\">\n<li>\n<h5>Sentimientos de no ser aceptadas en nuestro entorno<\/h5>\n<\/li>\n<li>\n<h5>Exceso de responsabilidad en el hogar y\/o en el trabajo<\/h5>\n<\/li>\n<li>\n<h5>Cambios en las rutinas diarias por maternidad\/paternidad, cambios laborales o formativos.<\/h5>\n<\/li>\n<li>\n<h5>Pensamientos y emociones que nos hacen sentir desorientadas, con poca autoestima o poca energ\u00eda.<\/h5>\n<\/li>\n<\/ul>\n<p>[\/vc_column_text][vc_empty_space alter_height=\u00bbmedium\u00bb hide_on_mobile=\u00bb\u00bb][vc_empty_space hide_on_mobile=\u00bb\u00bb]<\/div><\/div><!-- \/.sc_content -->[\/vc_column][\/vc_row][vc_row full_width=\u00bbstretch_row_content_no_spaces\u00bb full_height=\u00bbyes\u00bb columns_placement=\u00bbstretch\u00bb equal_height=\u00bbyes\u00bb css=\u00bb.vc_custom_1477404617952{background-color: #f9f9f9 !important;}\u00bb][vc_column width=\u00bb1\/2&#8243; css=\u00bb.vc_custom_1476349874772{padding-top: 0.7em !important;padding-right: 6.2em !important;padding-bottom: 0.7em !important;padding-left: 6.2em !important;}\u00bb][vc_empty_space alter_height=\u00bblarge\u00bb hide_on_mobile=\u00bb\u00bb]<div id=\"sc_content_618736523\"\r\n\t\tclass=\"sc_content sc_content_default programs\"><h6 class=\"sc_item_subtitle sc_content_subtitle sc_align_default sc_item_title_style_default\">En otros momentos de la vida, ocurren situaciones excepcionales:<\/h6><div class=\"sc_content_container\">[vc_empty_space height=\u00bb0.6rem\u00bb alter_height=\u00bbnone\u00bb hide_on_mobile=\u00bb\u00bb][vc_column_text]<\/p>\n<ul class=\"trx_addons_list trx_addons_list_plus_aligned\">\n<li>\n<h5>Enfermedades o fallecimiento de familiares, personas queridas y mascotas.<\/h5>\n<\/li>\n<li>\n<h5>P\u00e9rdida del empleo<\/h5>\n<\/li>\n<li>\n<h5>P\u00e9rdida de la pareja por separaci\u00f3n<\/h5>\n<\/li>\n<li>\n<h5>P\u00e9rdida de la propia salud<\/h5>\n<\/li>\n<li>\n<h5>Procesos de fertilizaci\u00f3n asistida<\/h5>\n<\/li>\n<li>\n<h5>Situaciones de violencia y abusos<\/h5>\n<\/li>\n<li>\n<h5>Procesos migratorios<\/h5>\n<\/li>\n<\/ul>\n<p>[\/vc_column_text][vc_empty_space alter_height=\u00bbmedium\u00bb hide_on_mobile=\u00bb\u00bb][vc_empty_space hide_on_mobile=\u00bb\u00bb]<\/div><\/div><!-- \/.sc_content -->[\/vc_column][vc_column width=\u00bb1\/2&#8243; css=\u00bb.vc_custom_1599767907871{background-image: url(https:\/\/yiralabrador.com\/wp-content\/uploads\/2020\/09\/quien3.jpg?id=1569) !important;background-position: center !important;background-repeat: no-repeat !important;background-size: cover !important;}\u00bb el_class=\u00bbbgptc\u00bb][vc_empty_space alter_height=\u00bbhuge\u00bb hide_on_mobile=\u00bb\u00bb][vc_empty_space alter_height=\u00bbhuge\u00bb hide_on_mobile=\u00bb\u00bb][vc_empty_space alter_height=\u00bbhuge\u00bb hide_on_mobile=\u00bb\u00bb][vc_empty_space alter_height=\u00bbhuge\u00bb hide_on_mobile=\u00bb\u00bb][vc_empty_space alter_height=\u00bbhuge\u00bb hide_on_mobile=\u00bb\u00bb][\/vc_column][\/vc_row][vc_row full_width=\u00bbstretch_row_content_no_spaces\u00bb full_height=\u00bbyes\u00bb columns_placement=\u00bbstretch\u00bb equal_height=\u00bbyes\u00bb css=\u00bb.vc_custom_1477404628454{background-color: #f9f9f9 !important;}\u00bb][vc_column width=\u00bb1\/2&#8243; css=\u00bb.vc_custom_1600725155124{background-image: url(https:\/\/yiralabrador.com\/wp-content\/uploads\/2020\/09\/quien5.jpg?id=1771) !important;background-position: center !important;background-repeat: no-repeat !important;background-size: cover !important;}\u00bb el_class=\u00bbbgptc\u00bb][vc_empty_space alter_height=\u00bbhuge\u00bb hide_on_mobile=\u00bb\u00bb][vc_empty_space alter_height=\u00bbhuge\u00bb hide_on_mobile=\u00bb\u00bb][vc_empty_space alter_height=\u00bbhuge\u00bb hide_on_mobile=\u00bb\u00bb][vc_empty_space alter_height=\u00bbhuge\u00bb hide_on_mobile=\u00bb\u00bb][vc_empty_space alter_height=\u00bbhuge\u00bb hide_on_mobile=\u00bb\u00bb][\/vc_column][vc_column width=\u00bb1\/2&#8243; css=\u00bb.vc_custom_1476349874772{padding-top: 0.7em !important;padding-right: 6.2em !important;padding-bottom: 0.7em !important;padding-left: 6.2em !important;}\u00bb][vc_empty_space alter_height=\u00bblarge\u00bb hide_on_mobile=\u00bb\u00bb]<div id=\"sc_content_2134358616\"\r\n\t\tclass=\"sc_content sc_content_default programs\"><h6 class=\"sc_item_subtitle sc_content_subtitle sc_align_default sc_item_title_style_default\">Estas situaciones generan en las personas una serie de sensaciones, pensamientos, emociones, conductas que dificultan en diferentes grados la capacidad de vivir con alegr\u00eda y con fluidez la propia vida.<\/h6><div class=\"sc_content_container\">[vc_empty_space height=\u00bb0.6rem\u00bb alter_height=\u00bbnone\u00bb hide_on_mobile=\u00bb\u00bb][vc_column_text]<\/p>\n<ul class=\"trx_addons_list trx_addons_list_plus_aligned\">\n<li>\n<h5>P\u00e9rdida de los l\u00edmites: al comer, beber, fumar, trabajar, cuidar de otras personas<\/h5>\n<\/li>\n<li>\n<h5>P\u00e9rdida de la motivaci\u00f3n para la vida<\/h5>\n<\/li>\n<li>\n<h5>Cansancio constante y sin una causa aparente<\/h5>\n<\/li>\n<li>\n<h5>Dificultad para el autocuidado<\/h5>\n<\/li>\n<li>\n<h5>Autoexigencia<\/h5>\n<\/li>\n<li>\n<h5>Sensaci\u00f3n de no tener un buen lugar en la familia, en la vida<\/h5>\n<\/li>\n<li>\n<h5>Dificultad para estar en pareja<\/h5>\n<\/li>\n<li>\n<h5>S\u00edntomas f\u00edsicos: dificultad para dormir, opresi\u00f3n en el pecho, llanto f\u00e1cil y sin aparente causa, rigidez, dolores en zonas del cuerpo sin causa f\u00edsica aparente<\/h5>\n<\/li>\n<li>\n<h5>Sentimientos de rabia, dolor, frustraci\u00f3n, angustia intensos y, en ocasiones, limitantes<\/h5>\n<\/li>\n<\/ul>\n<p>[\/vc_column_text][vc_empty_space alter_height=\u00bbmedium\u00bb hide_on_mobile=\u00bb\u00bb][vc_empty_space hide_on_mobile=\u00bb\u00bb]<\/div><\/div><!-- \/.sc_content -->[vc_empty_space alter_height=\u00bbmedium\u00bb hide_on_mobile=\u00bb\u00bb][\/vc_column][\/vc_row][vc_row][vc_column][vc_empty_space hide_on_mobile=\u00bb\u00bb css=\u00bb.vc_custom_1605468666267{background-color: #ffffff !important;}\u00bb][vc_empty_space hide_on_mobile=\u00bb\u00bb css=\u00bb.vc_custom_1605468707408{background-color: #ffffff !important;}\u00bb]<div id=\"sc_content_114979574\"\r\n\t\tclass=\"sc_content sc_content_default sc_float_center sc_align_center\"><h6 class=\"sc_item_subtitle sc_content_subtitle sc_align_default sc_item_title_style_default\">Si est\u00e1s en alguna de estas situaciones, ponte en contacto conmigo<\/h6><div class=\"sc_content_container\">[vc_empty_space hide_on_mobile=\u00bb\u00bb]<div class=\"sc_item_button sc_button_wrap sc_align_center\"><a href=\"https:\/\/yiralabrador.com\/?page_id=167\"\r\n\t id=\"sc_button_1778071519\" \r\n\tclass=\"sc_button sc_button_default sc_button_size_normal sc_button_icon_left\"\r\n\t\t><span class=\"sc_button_text sc_align_center\"><span class=\"sc_button_title\">Contacto<\/span><\/span><!-- \/.sc_button_text --><\/a><!-- \/.sc_button --><\/div><!-- \/.sc_item_button -->[vc_empty_space hide_on_mobile=\u00bb\u00bb]<\/div><\/div><!-- \/.sc_content -->[vc_empty_space hide_on_mobile=\u00bb\u00bb css=\u00bb.vc_custom_1605468853713{background-color: #ffffff !important;}\u00bb][\/vc_column][\/vc_row]<\/p>\n","protected":false},"excerpt":{"rendered":"<p>[vc_row][vc_column][vc_empty_space alter_height=\u00bbhuge\u00bb hide_on_mobile=\u00bb\u00bb][vc_empty_space hide_on_mobile=\u00bb\u00bb][vc_column_text css=\u00bb.vc_custom_1599765995790{margin-bottom: 0px !important;}\u00bb] Qui\u00e9n viene a terapia [\/vc_column_text][\/vc_column][\/vc_row][vc_row][vc_column width=\u00bb1\/6&#8243;][\/vc_column][vc_column width=\u00bb2\/3&#8243;][vc_empty_space height=\u00bb23px\u00bb alter_height=\u00bbnone\u00bb hide_on_mobile=\u00bb\u00bb][vc_column_text] Las personas somos seres complejos, capaces de sobrevivir a situaciones realmente extremas, con experiencias vitales enriquecedoras, llenas de competencias y de talento. Hasta que un d\u00eda, sentimos que necesitamos un punto de apoyo externo para continuar evolucionando, para sentirnos mejor con nosotras mismas,&hellip;<\/p>\n","protected":false},"author":1,"featured_media":0,"parent":0,"menu_order":0,"comment_status":"closed","ping_status":"closed","template":"","meta":{"footnotes":""},"class_list":["post-165","page","type-page","status-publish","hentry"],"_links":{"self":[{"href":"https:\/\/yiralabrador.com\/index.php?rest_route=\/wp\/v2\/pages\/165","targetHints":{"allow":["GET"]}}],"collection":[{"href":"https:\/\/yiralabrador.com\/index.php?rest_route=\/wp\/v2\/pages"}],"about":[{"href":"https:\/\/yiralabrador.com\/index.php?rest_route=\/wp\/v2\/types\/page"}],"author":[{"embeddable":true,"href":"https:\/\/yiralabrador.com\/index.php?rest_route=\/wp\/v2\/users\/1"}],"replies":[{"embeddable":true,"href":"https:\/\/yiralabrador.com\/index.php?rest_route=%2Fwp%2Fv2%2Fcomments&post=165"}],"version-history":[{"count":5,"href":"https:\/\/yiralabrador.com\/index.php?rest_route=\/wp\/v2\/pages\/165\/revisions"}],"predecessor-version":[{"id":2007,"href":"https:\/\/yiralabrador.com\/index.php?rest_route=\/wp\/v2\/pages\/165\/revisions\/2007"}],"wp:attachment":[{"href":"https:\/\/yiralabrador.com\/index.php?rest_route=%2Fwp%2Fv2%2Fmedia&parent=165"}],"curies":[{"name":"wp","href":"https:\/\/api.w.org\/{rel}","templated":true}]}}