{"id":1665,"date":"2020-09-15T23:10:13","date_gmt":"2020-09-15T23:10:13","guid":{"rendered":"http:\/\/yiralabrador.com\/?page_id=1665"},"modified":"2020-11-14T09:29:24","modified_gmt":"2020-11-14T09:29:24","slug":"talleres","status":"publish","type":"page","link":"https:\/\/yiralabrador.com\/?page_id=1665","title":{"rendered":"Talleres"},"content":{"rendered":"<p>[vc_row][vc_column][vc_empty_space alter_height=\u00bbhuge\u00bb hide_on_mobile=\u00bb\u00bb][vc_empty_space hide_on_mobile=\u00bb\u00bb][vc_column_text css=\u00bb.vc_custom_1600211036190{margin-bottom: 0px !important;}\u00bb]<\/p>\n<h1 style=\"text-align: center;\">Talleres de Autoconocimiento y Empoderamiento<\/h1>\n<p>[\/vc_column_text][\/vc_column][\/vc_row][vc_row][vc_column][vc_empty_space height=\u00bb64px\u00bb alter_height=\u00bbmedium\u00bb hide_on_mobile=\u00bb\u00bb][\/vc_column][\/vc_row][vc_row][vc_column width=\u00bb1\/6&#8243;][\/vc_column][vc_column width=\u00bb2\/3&#8243;][vc_column_text]<\/p>\n<p style=\"text-align: center;\">Como psic\u00f3loga he tenido la experiencia de liderar grupos de personas en sus procesos de autoconocimiento y empoderamiento, tanto en Venezuela como en Espa\u00f1a.<br \/>\nMe caracterizo por generar espacios de confianza mutua, a trav\u00e9s de una escucha emp\u00e1tica y compasiva, conectando emociones y profundizando en aquello que nos hace mejores personas.<br \/>\nSe me da muy bien hablar en p\u00fablico, conectar con las personas y que estas conecten entre s\u00ed, generar emociones profundas y hacer llegar mensajes que hacen vibrar.<\/p>\n<p>[\/vc_column_text][\/vc_column][vc_column width=\u00bb1\/6&#8243;][\/vc_column][\/vc_row][vc_row][vc_column][vc_empty_space alter_height=\u00bblarge\u00bb hide_on_mobile=\u00bb\u00bb][\/vc_column][\/vc_row][vc_row full_width=\u00bbstretch_row_content_no_spaces\u00bb full_height=\u00bbyes\u00bb columns_placement=\u00bbstretch\u00bb equal_height=\u00bbyes\u00bb css=\u00bb.vc_custom_1599767193122{background-color: #f9f9f9 !important;}\u00bb][vc_column width=\u00bb1\/2&#8243; css=\u00bb.vc_custom_1600891815019{background-image: url(https:\/\/yiralabrador.com\/wp-content\/uploads\/2020\/09\/taller2.jpg?id=1769) !important;background-position: center !important;background-repeat: no-repeat !important;background-size: cover !important;}\u00bb el_class=\u00bbbgptc\u00bb][vc_empty_space alter_height=\u00bbhuge\u00bb hide_on_mobile=\u00bb\u00bb][vc_empty_space alter_height=\u00bbhuge\u00bb hide_on_mobile=\u00bb\u00bb][vc_empty_space alter_height=\u00bbhuge\u00bb hide_on_mobile=\u00bb\u00bb][vc_empty_space alter_height=\u00bbhuge\u00bb hide_on_mobile=\u00bb\u00bb][vc_empty_space alter_height=\u00bbhuge\u00bb hide_on_mobile=\u00bb\u00bb][\/vc_column][vc_column width=\u00bb1\/2&#8243; css=\u00bb.vc_custom_1599766956078{padding-top: 0.7em !important;padding-right: 6.2em !important;padding-bottom: 0.7em !important;padding-left: 6.2em !important;background-position: 0 0 !important;background-repeat: no-repeat !important;}\u00bb][vc_empty_space alter_height=\u00bblarge\u00bb hide_on_mobile=\u00bb\u00bb]<div id=\"sc_content_242256054\"\r\n\t\tclass=\"sc_content sc_content_default programs\"><h6 class=\"sc_item_subtitle sc_content_subtitle sc_align_default sc_item_title_style_default\">Las \u00e1reas claves en las que puedo desarrollar talleres grupales son:<\/h6><div class=\"sc_content_container\">[vc_empty_space height=\u00bb0.6rem\u00bb alter_height=\u00bbnone\u00bb hide_on_mobile=\u00bb\u00bb][vc_column_text]<\/p>\n<ul class=\"trx_addons_list trx_addons_list_plus_aligned\">\n<li style=\"list-style-type: none;\">\n<h5>Autonoconocimiento, con herramientas gest\u00e1lticas.<\/h5>\n<\/li>\n<li style=\"list-style-type: none;\">\n<h5>Empoderamiento, con perspectiva de g\u00e9nero.<\/h5>\n<\/li>\n<li style=\"list-style-type: none;\">\n<h5>Comunicaci\u00f3n intra e interpersonal para la mejora del trabajo en equipos\/grupos.<\/h5>\n<\/li>\n<\/ul>\n<p>[\/vc_column_text][vc_empty_space alter_height=\u00bbmedium\u00bb hide_on_mobile=\u00bb\u00bb][vc_empty_space hide_on_mobile=\u00bb\u00bb]<\/div><\/div><!-- \/.sc_content -->[\/vc_column][\/vc_row]<\/p>\n","protected":false},"excerpt":{"rendered":"<p>[vc_row][vc_column][vc_empty_space alter_height=\u00bbhuge\u00bb hide_on_mobile=\u00bb\u00bb][vc_empty_space hide_on_mobile=\u00bb\u00bb][vc_column_text css=\u00bb.vc_custom_1600211036190{margin-bottom: 0px !important;}\u00bb] Talleres de Autoconocimiento y Empoderamiento [\/vc_column_text][\/vc_column][\/vc_row][vc_row][vc_column][vc_empty_space height=\u00bb64px\u00bb alter_height=\u00bbmedium\u00bb hide_on_mobile=\u00bb\u00bb][\/vc_column][\/vc_row][vc_row][vc_column width=\u00bb1\/6&#8243;][\/vc_column][vc_column width=\u00bb2\/3&#8243;][vc_column_text] Como psic\u00f3loga he tenido la experiencia de liderar grupos de personas en sus procesos de autoconocimiento y empoderamiento, tanto en Venezuela como en Espa\u00f1a. Me caracterizo por generar espacios de confianza mutua, a trav\u00e9s de una escucha emp\u00e1tica y compasiva, conectando emociones&hellip;<\/p>\n","protected":false},"author":1,"featured_media":0,"parent":0,"menu_order":0,"comment_status":"closed","ping_status":"closed","template":"","meta":{"footnotes":""},"class_list":["post-1665","page","type-page","status-publish","hentry"],"_links":{"self":[{"href":"https:\/\/yiralabrador.com\/index.php?rest_route=\/wp\/v2\/pages\/1665","targetHints":{"allow":["GET"]}}],"collection":[{"href":"https:\/\/yiralabrador.com\/index.php?rest_route=\/wp\/v2\/pages"}],"about":[{"href":"https:\/\/yiralabrador.com\/index.php?rest_route=\/wp\/v2\/types\/page"}],"author":[{"embeddable":true,"href":"https:\/\/yiralabrador.com\/index.php?rest_route=\/wp\/v2\/users\/1"}],"replies":[{"embeddable":true,"href":"https:\/\/yiralabrador.com\/index.php?rest_route=%2Fwp%2Fv2%2Fcomments&post=1665"}],"version-history":[{"count":5,"href":"https:\/\/yiralabrador.com\/index.php?rest_route=\/wp\/v2\/pages\/1665\/revisions"}],"predecessor-version":[{"id":1686,"href":"https:\/\/yiralabrador.com\/index.php?rest_route=\/wp\/v2\/pages\/1665\/revisions\/1686"}],"wp:attachment":[{"href":"https:\/\/yiralabrador.com\/index.php?rest_route=%2Fwp%2Fv2%2Fmedia&parent=1665"}],"curies":[{"name":"wp","href":"https:\/\/api.w.org\/{rel}","templated":true}]}}