{"id":1880,"date":"2020-10-06T20:05:02","date_gmt":"2020-10-06T20:05:02","guid":{"rendered":"http:\/\/yiralabrador.com\/?page_id=1880"},"modified":"2020-10-06T20:06:56","modified_gmt":"2020-10-06T20:06:56","slug":"conectando-emociones-y-personas-2","status":"publish","type":"page","link":"https:\/\/yiralabrador.com\/?page_id=1880","title":{"rendered":"Conectando emociones y personas 2"},"content":{"rendered":"<p>[vc_row][vc_column][vc_empty_space alter_height=\u00bblarge\u00bb hide_on_mobile=\u00bb\u00bb]<div  id=\"sc_promo_1500325396\" \n\tclass=\"sc_promo sc_promo_default  vc_custom_1602014641111 sc_promo_size_large sc_promo_image_fit sc_promo_image_position_left\"\n\t\t><div class=\"sc_promo_image\" style=\"background-image:url(https:\/\/yiralabrador.com\/wp-content\/uploads\/2020\/09\/conectando2.jpg);width:46%;left: 0;\"><\/div><div class=\"sc_promo_text\" style=\"width: 54%;float: right;\">\n\t\t\t<div class=\"sc_promo_text_inner\" style=\"\"><div class=\"sc_promo_content sc_item_content\"><div id=\"sc_content_940034536\"\r\n\t\tclass=\"sc_content sc_content_default\"><h3 class=\"sc_item_title sc_content_title sc_align_default sc_item_title_style_default\">Conectando emociones y personas<\/h3><h6 class=\"sc_item_subtitle sc_content_subtitle sc_align_default sc_item_title_style_default\">Artesan\u00eda, conocimientos, experiencia y sabidur\u00eda<\/h6><div class=\"sc_content_container\"><\/div><\/div><!-- \/.sc_content -->[vc_empty_space hide_on_mobile=\u00bb\u00bb][vc_column_text]<\/p>\n<h6>Acompa\u00f1ar a personas que piden ayuda tiene un poco de trabajo artesano y mucho de conocimientos, experiencia y sabidur\u00eda.<\/h6>\n<h6>El trabajo artesano requiere paciencia, delicadeza, amor por la materia prima y una visi\u00f3n a largo plazo del resultado de dicho trabajo.<\/h6>\n<h6>La forma en como hemos sido educadas en esta sociedad nos hace sentir muchas veces compartimentadas, con aspectos de nuestra vida separados, con una gran sombra que es aquello que desconocemos de nuestro interior pero que se proyecta sobre lo que sentimos, pensamos y hacemos.<\/h6>\n<h6>El poder facilitar en quien viene a consulta el ir integrando esas partes internas separadas, con el objetivo de ayudarle a sentirse una persona m\u00e1s completa es mi foco como profesional de la psicoterapia.<\/h6>\n<p>[\/vc_column_text]<\/div><\/div>\n\t\t<\/div><!-- \/.sc_promo_text --><\/div><!-- \/.sc_promo -->[\/vc_column][\/vc_row][vc_row full_width=\u00bbstretch_row\u00bb scheme=\u00bbdark\u00bb css=\u00bb.vc_custom_1599422623225{background-color: #ffb600 !important;background-position: center !important;background-repeat: no-repeat !important;background-size: cover !important;}\u00bb][vc_column][vc_empty_space alter_height=\u00bblarge\u00bb hide_on_mobile=\u00bb\u00bb][vc_empty_space alter_height=\u00bbsmall\u00bb hide_on_mobile=\u00bb\u00bb][vc_empty_space alter_height=\u00bbmedium\u00bb hide_on_mobile=\u00bb\u00bb][\/vc_column][\/vc_row][vc_row][vc_column]<div  id=\"sc_promo_188431093\" \n\tclass=\"sc_promo sc_promo_default sc_promo_size_large sc_promo_image_fit sc_promo_image_position_right\"\n\t\t><div class=\"sc_promo_image\" style=\"background-image:url(https:\/\/yiralabrador.com\/wp-content\/uploads\/2020\/09\/conectando3.jpg);width:46%;right: 0;background-position: center top\"><\/div><div class=\"sc_promo_text\" style=\"width: 54%;float: left;\">\n\t\t\t<div class=\"sc_promo_text_inner\" style=\"\"><div class=\"sc_promo_content sc_item_content\"><div id=\"sc_content_185804653\"\r\n\t\tclass=\"sc_content sc_content_default\"><h3 class=\"sc_item_title sc_content_title sc_align_default sc_item_title_style_default\">Espacios grupales<\/h3><h6 class=\"sc_item_subtitle sc_content_subtitle sc_align_default sc_item_title_style_default\">Compromiso<\/h6><div class=\"sc_content_container\"><\/div><\/div><!-- \/.sc_content -->[vc_empty_space][vc_column_text]<\/p>\n<h6>En espacios grupales se hace necesario el encuentro aut\u00e9ntico entre las personas, que comparten objetivos comunes y conf\u00edan en que en ese espacio aprender\u00e1n algo que les ayudar\u00e1 a dar un siguiente paso hacia el bienestar.<\/h6>\n<h6>Para crear ese espacio de encuentro aporto mi presencia comprometida y experta, con una visi\u00f3n sist\u00e9mica del grupo y de sus integrantes, facilitando la apertura, el aprendizaje significativo, el encuentro desde lo presente, la creaci\u00f3n de redes de apoyo y la construcci\u00f3n de nuevas formas de comprender y construir el mundo.<\/h6>\n<p>[\/vc_column_text]<\/div><\/div>\n\t\t<\/div><!-- \/.sc_promo_text --><\/div><!-- \/.sc_promo -->[vc_empty_space hide_on_mobile=\u00bb\u00bb][\/vc_column][\/vc_row]<\/p>\n","protected":false},"excerpt":{"rendered":"<p>[vc_row][vc_column][vc_empty_space alter_height=\u00bblarge\u00bb hide_on_mobile=\u00bb\u00bb][\/vc_column][\/vc_row][vc_row full_width=\u00bbstretch_row\u00bb scheme=\u00bbdark\u00bb css=\u00bb.vc_custom_1599422623225{background-color: #ffb600 !important;background-position: center !important;background-repeat: no-repeat !important;background-size: cover !important;}\u00bb][vc_column][vc_empty_space alter_height=\u00bblarge\u00bb hide_on_mobile=\u00bb\u00bb][vc_empty_space alter_height=\u00bbsmall\u00bb hide_on_mobile=\u00bb\u00bb][vc_empty_space alter_height=\u00bbmedium\u00bb hide_on_mobile=\u00bb\u00bb][\/vc_column][\/vc_row][vc_row][vc_column][vc_empty_space hide_on_mobile=\u00bb\u00bb][\/vc_column][\/vc_row]<\/p>\n","protected":false},"author":1,"featured_media":0,"parent":0,"menu_order":0,"comment_status":"closed","ping_status":"closed","template":"","meta":{"footnotes":""},"class_list":["post-1880","page","type-page","status-publish","hentry"],"_links":{"self":[{"href":"https:\/\/yiralabrador.com\/index.php?rest_route=\/wp\/v2\/pages\/1880","targetHints":{"allow":["GET"]}}],"collection":[{"href":"https:\/\/yiralabrador.com\/index.php?rest_route=\/wp\/v2\/pages"}],"about":[{"href":"https:\/\/yiralabrador.com\/index.php?rest_route=\/wp\/v2\/types\/page"}],"author":[{"embeddable":true,"href":"https:\/\/yiralabrador.com\/index.php?rest_route=\/wp\/v2\/users\/1"}],"replies":[{"embeddable":true,"href":"https:\/\/yiralabrador.com\/index.php?rest_route=%2Fwp%2Fv2%2Fcomments&post=1880"}],"version-history":[{"count":5,"href":"https:\/\/yiralabrador.com\/index.php?rest_route=\/wp\/v2\/pages\/1880\/revisions"}],"predecessor-version":[{"id":1887,"href":"https:\/\/yiralabrador.com\/index.php?rest_route=\/wp\/v2\/pages\/1880\/revisions\/1887"}],"wp:attachment":[{"href":"https:\/\/yiralabrador.com\/index.php?rest_route=%2Fwp%2Fv2%2Fmedia&parent=1880"}],"curies":[{"name":"wp","href":"https:\/\/api.w.org\/{rel}","templated":true}]}}