{"id":70,"date":"2016-09-14T14:17:25","date_gmt":"2016-09-14T14:17:25","guid":{"rendered":"http:\/\/yiralabrador.com\/?page_id=70"},"modified":"2020-11-14T09:13:47","modified_gmt":"2020-11-14T09:13:47","slug":"about-me","status":"publish","type":"page","link":"https:\/\/yiralabrador.com\/?page_id=70","title":{"rendered":"About Me"},"content":{"rendered":"<p>[vc_row][vc_column]<div  id=\"sc_promo_531579825\" \n\tclass=\"sc_promo sc_promo_default mh75vhm promo_sp w479-imt sc_promo_size_large sc_promo_no_paddings sc_promo_image_fit sc_promo_image_position_left\"\n\t\t><div class=\"sc_promo_image\" style=\"background-image:url(https:\/\/yiralabrador.com\/wp-content\/uploads\/2020\/08\/background-2b.jpg);width:43%;left: 0;\"><\/div><div class=\"sc_promo_text sc_float_center trx_addons_stretch_height\" style=\"width: 57%;float: right;\">\n\t\t\t<div class=\"sc_promo_text_inner sc_align_center\" style=\"\"><div class=\"sc_promo_content sc_item_content\">[vc_empty_space alter_height=\u00bblarge\u00bb hide_on_mobile=\u00bb1&#8243;][vc_single_image image=\u00bb1675&#8243; img_size=\u00bbfull\u00bb alignment=\u00bbcenter\u00bb]<div id=\"sc_content_704923126\"\r\n\t\tclass=\"sc_content sc_content_default\"><h3 class=\"sc_item_title sc_content_title sc_align_center sc_item_title_style_default\">\u00a1Bienvenid@!<\/h3><h6 class=\"sc_item_subtitle sc_content_subtitle sc_align_center sc_item_title_style_default\">Psic\u00f3loga Colegiada CV-08865<\/h6><div class=\"sc_content_container\">[vc_empty_space alter_height=\u00bbmedium\u00bb hide_on_mobile=\u00bb\u00bb][vc_column_text css=\u00bb.vc_custom_1604498430470{margin-right: 4em !important;margin-left: 4em !important;}\u00bb]<\/p>\n<h4 style=\"text-align: center;\"><span style=\"color: #999999;\">Como psic\u00f3loga mi misi\u00f3n es ayudar a las personas a encontrar su poder.<br \/>\nEn esta p\u00e1gina te invito a que me conozcas como profesional.<\/span><\/h4>\n<p>[\/vc_column_text]<\/div><\/div><!-- \/.sc_content -->[vc_empty_space alter_height=\u00bblarge\u00bb hide_on_mobile=\u00bb1&#8243;]<\/div><\/div>\n\t\t<\/div><!-- \/.sc_promo_text --><\/div><!-- \/.sc_promo -->[\/vc_column][\/vc_row][vc_row full_width=\u00bbstretch_row\u00bb css=\u00bb.vc_custom_1598913837399{background-image: url(https:\/\/yiralabrador.com\/wp-content\/uploads\/2020\/08\/background-4_copia.jpg?id=1463) !important;}\u00bb][vc_column width=\u00bb1\/2&#8243;][vc_empty_space alter_height=\u00bblarge\u00bb hide_on_mobile=\u00bb\u00bb][vc_empty_space alter_height=\u00bbhuge\u00bb hide_on_mobile=\u00bb1,2&#8243;]<div id=\"sc_content_1072460826\"\r\n\t\tclass=\"scheme_dark sc_content sc_content_default\"><h3 class=\"sc_item_title sc_content_title sc_align_default sc_item_title_style_default\">Un poco sobre m\u00ed<\/h3><h6 class=\"sc_item_subtitle sc_content_subtitle sc_align_default sc_item_title_style_default\">Ser psicoterapeuta me hace feliz<\/h6><div class=\"sc_content_container\">[vc_column_text css=\u00bb.vc_custom_1598913590824{margin-top: -1em !important;margin-right: 7em !important;}\u00bb]<\/p>\n<h6 class=\"trx_addons_lh_20\"><span style=\"color: #ffffff;\">Soy Yira Labrador Castro, psic\u00f3loga hispano venezolana, con m\u00e1s de 15 a\u00f1os de experiencia en consulta privada en Alicante. Estudi\u00e9 psicolog\u00eda en la Universidad Central de Venezuela y a los pocos a\u00f1os me vine a vivir a Espa\u00f1a. Homologu\u00e9 mi t\u00edtulo en el a\u00f1o 2004 y desde entonces sigo atendiendo a pacientes mientras contin\u00fao mi camino de crecimiento personal y profesional<\/span><\/h6>\n<p>[\/vc_column_text]<\/div><\/div><!-- \/.sc_content -->[vc_empty_space alter_height=\u00bblarge\u00bb hide_on_mobile=\u00bb\u00bb][vc_empty_space alter_height=\u00bbhuge\u00bb hide_on_mobile=\u00bb1,2&#8243;][\/vc_column][vc_column width=\u00bb1\/2&#8243;][vc_empty_space alter_height=\u00bblarge\u00bb hide_on_mobile=\u00bb1,2&#8243;][vc_empty_space alter_height=\u00bbhuge\u00bb hide_on_mobile=\u00bb1&#8243;]<div class=\"cq-coverslider  navigation-overlay-right longshadow lightgray \" data-imagemaxheight=\"300\" data-buttonbackground=\"\" data-buttonhoverbackground=\"#222F46\" data-contentbackground=\"\" data-contentcolor=\"\" data-arrowcolor=\"\" data-arrowhovercolor=\"\" data-delaytime=\"8\"><div class=\"cq-coverslider-area btn-small square\"><div class=\"cq-coverslider-cover\"><div class=\"cq-coverslider-itemcontainer\"><div class=\"cq-coverslider-imageitem\"><img decoding=\"async\" src=\"https:\/\/yiralabrador.com\/wp-content\/uploads\/2020\/08\/image-01_slide.jpg\" class=\"cq-coverslider-image\" alt=\"\"><\/div><div class=\"cq-coverslider-imageitem\"><img decoding=\"async\" src=\"https:\/\/yiralabrador.com\/wp-content\/uploads\/2020\/08\/image-02_slide.jpg\" class=\"cq-coverslider-image\" alt=\"\"><\/div><div class=\"cq-coverslider-imageitem\"><img decoding=\"async\" src=\"https:\/\/yiralabrador.com\/wp-content\/uploads\/2020\/08\/image-03_slide.jpg\" class=\"cq-coverslider-image\" alt=\"\"><\/div><div class=\"cq-coverslider-imageitem\"><img decoding=\"async\" src=\"https:\/\/yiralabrador.com\/wp-content\/uploads\/2020\/08\/image-04_slide.jpg\" class=\"cq-coverslider-image\" alt=\"\"><\/div><div class=\"cq-coverslider-imageitem\"><img decoding=\"async\" src=\"https:\/\/yiralabrador.com\/wp-content\/uploads\/2020\/08\/image-05_slide.jpg\" class=\"cq-coverslider-image\" alt=\"\"><\/div><div class=\"cq-coverslider-imageitem\"><img decoding=\"async\" src=\"https:\/\/yiralabrador.com\/wp-content\/uploads\/2020\/08\/image-06_slide.jpg\" class=\"cq-coverslider-image\" alt=\"\"><\/div><\/div><\/div><div class=\"cq-coverslider-content\"><div class=\"cq-coverslider-contentitem\">\u201cA los 14 a\u00f1os decid\u00ed que quer\u00eda estudiar psicolog\u00eda. Hab\u00eda le\u00eddo libros, hablado con psic\u00f3logos y sobre todo era la hija mayor de una familia de 3 hermanas y hermano y quer\u00eda ayudar. Fue una decisi\u00f3n meditada con la que me compromet\u00ed al 100%, que cost\u00f3 esfuerzo y sacrificios familiares y personales hasta llegar a la meta.\u201d<\/div><div class=\"cq-coverslider-contentitem\">\u201cEn Espa\u00f1a tuve la suerte de encontrarme con grandes terapeutas y mejores personas que me fueron acompa\u00f1ando en mi proceso de autoconocimiento y aprendizaje profesional. Porque ser psicoterapeuta es un proceso que dura toda la vida. Igual que la vida misma.\u201d<\/div><div class=\"cq-coverslider-contentitem\">\u201cCuando estoy en consulta me siento completamente centrada y presente, atenta desde la compasi\u00f3n y el cuidado de la otra persona. Me siento \u00fatil y consecuente con mi objetivo profesional.\u201d<\/div><div class=\"cq-coverslider-contentitem\">\u201cSigo form\u00e1ndome, supervisando mis casos y mis procesos internos, como parte fundamental del camino de ser una psicoterapeuta competente y feliz.\u201d<\/div><div class=\"cq-coverslider-contentitem\">\u201cComo mujer, considero que el trabajo con mujeres tiene el plus de acompa\u00f1ar al despertar individual que finalmente se refleja en un despertar colectivo. Una vez le\u00ed que cada mujer que despierta ayuda a otras mujeres a despertar.\u201d<\/div><div class=\"cq-coverslider-contentitem\">\u201cQuiero creer que es un despertar inclusivo, cada persona que despierta ayuda a las otras a despertar y as\u00ed construir un mundo mejor.\u201d<\/p>\n<p>&nbsp;<\/p>\n<p><\/div><\/div><\/div><div class=\"cq-coverslider-navigation btn-small\"><div class=\"coverslider-navigation-prev\"><i class=\"cq-coverslider-icon entypo-icon entypo-icon-left-open-big\"><\/i><\/div><div class=\"coverslider-navigation-next\"><i class=\"cq-coverslider-icon entypo-icon entypo-icon-right-open-big\"><\/i><\/div><\/div><\/div>[vc_empty_space alter_height=\u00bblarge\u00bb hide_on_mobile=\u00bb1,2&#8243;][vc_empty_space alter_height=\u00bbhuge\u00bb hide_on_mobile=\u00bb\u00bb][\/vc_column][\/vc_row][vc_row][vc_column][vc_empty_space height=\u00bb64px\u00bb alter_height=\u00bblarge\u00bb hide_on_mobile=\u00bb\u00bb][\/vc_column][\/vc_row][vc_row][vc_column][vc_empty_space height=\u00bb64px\u00bb alter_height=\u00bblarge\u00bb hide_on_mobile=\u00bb\u00bb]<div id=\"sc_content_2121554728\"\r\n\t\tclass=\"sc_content sc_content_default programs\"><h3 class=\"sc_item_title sc_content_title sc_align_default sc_item_title_style_default\">L\u00ednea de vida profesional<\/h3><h6 class=\"sc_item_subtitle sc_content_subtitle sc_align_default sc_item_title_style_default\">Experiencia y curiosidad<\/h6><div class=\"sc_content_container\">[vc_empty_space height=\u00bb0.6&#8243; alter_height=\u00bbnone\u00bb hide_on_mobile=\u00bb\u00bb][vc_column_text]<\/p>\n<ul class=\"trx_addons_list trx_addons_list_plus_aligned\">\n<li>\n<h4>1998<\/h4>\n<p>Licenciatura en Psicolog\u00eda. Universidad Central de Venezuela<\/li>\n<li>\n<h4>2001<\/h4>\n<p>Migraci\u00f3n a Espa\u00f1a<\/li>\n<li>\n<h4>2003<\/h4>\n<p>Estudios de Doctorado \u201cBienestar Social y Desigualdades\u201d. Universidad de Alicante<\/li>\n<li>\n<h4>2005<\/h4>\n<p>Homologaci\u00f3n T\u00edtulo Licenciada en Psicolog\u00eda, Ministerio de Educaci\u00f3n. Espa\u00f1a<\/li>\n<li>\n<h4>2006<\/h4>\n<p>Inicio mi consulta privada como psic\u00f3loga<\/li>\n<li>\n<h4>2008<\/h4>\n<p>Formaci\u00f3n en Terapia Gestalt, I.P.E.T.G., Alicante. 690 horas<\/li>\n<li>\n<h4>2011<\/h4>\n<p>Formaci\u00f3n como Facilitadora en Constelaciones Familiares y Sist\u00e9micas. Institut \u00c9sser (Espa\u00f1a), Domus Cudec (M\u00e9xico) y Centro Bert Hellinger de Argentina. 312 horas<\/li>\n<li>\n<h4>2012<\/h4>\n<p>Inicio talleres de Constelaciones Familiares y Sist\u00e9micas con Fidel Ros<\/li>\n<li>\n<h4>2015<\/h4>\n<p>Habilitaci\u00f3n y registro como Psic\u00f3loga General Sanitaria por la Conseller\u00eda de Sanitat, Comunidad Valenciana<\/li>\n<li>\n<h4>2017<\/h4>\n<p>Trabajo personal en el Eneagrama, I.P.E.T.G. 2014-2017<\/li>\n<li>\n<h4>2018<\/h4>\n<p>Trabajo Biogest\u00e1ltico sobre las Figuras Parentales. I.P.E.T.G. Alicante<\/li>\n<\/ul>\n<p>[\/vc_column_text][vc_empty_space alter_height=\u00bbmedium\u00bb hide_on_mobile=\u00bb\u00bb][vc_empty_space hide_on_mobile=\u00bb\u00bb]<\/div><\/div><!-- \/.sc_content -->[\/vc_column][\/vc_row][vc_row][vc_column][vc_column_text]<\/p>\n<p>[\/vc_column_text][\/vc_column][\/vc_row]<\/p>\n","protected":false},"excerpt":{"rendered":"<p>[vc_row][vc_column][\/vc_column][\/vc_row][vc_row full_width=\u00bbstretch_row\u00bb css=\u00bb.vc_custom_1598913837399{background-image: url(https:\/\/yiralabrador.com\/wp-content\/uploads\/2020\/08\/background-4_copia.jpg?id=1463) !important;}\u00bb][vc_column width=\u00bb1\/2&#8243;][vc_empty_space alter_height=\u00bblarge\u00bb hide_on_mobile=\u00bb\u00bb][vc_empty_space alter_height=\u00bbhuge\u00bb hide_on_mobile=\u00bb1,2&#8243;][vc_empty_space alter_height=\u00bblarge\u00bb hide_on_mobile=\u00bb\u00bb][vc_empty_space alter_height=\u00bbhuge\u00bb hide_on_mobile=\u00bb1,2&#8243;][\/vc_column][vc_column width=\u00bb1\/2&#8243;][vc_empty_space alter_height=\u00bblarge\u00bb hide_on_mobile=\u00bb1,2&#8243;][vc_empty_space alter_height=\u00bbhuge\u00bb hide_on_mobile=\u00bb1&#8243;][vc_empty_space alter_height=\u00bblarge\u00bb hide_on_mobile=\u00bb1,2&#8243;][vc_empty_space alter_height=\u00bbhuge\u00bb hide_on_mobile=\u00bb\u00bb][\/vc_column][\/vc_row][vc_row][vc_column][vc_empty_space height=\u00bb64px\u00bb alter_height=\u00bblarge\u00bb hide_on_mobile=\u00bb\u00bb][\/vc_column][\/vc_row][vc_row][vc_column][vc_empty_space height=\u00bb64px\u00bb alter_height=\u00bblarge\u00bb hide_on_mobile=\u00bb\u00bb][\/vc_column][\/vc_row][vc_row][vc_column][vc_column_text] [\/vc_column_text][\/vc_column][\/vc_row]<\/p>\n","protected":false},"author":1,"featured_media":0,"parent":0,"menu_order":0,"comment_status":"closed","ping_status":"closed","template":"","meta":{"footnotes":""},"class_list":["post-70","page","type-page","status-publish","hentry"],"_links":{"self":[{"href":"https:\/\/yiralabrador.com\/index.php?rest_route=\/wp\/v2\/pages\/70","targetHints":{"allow":["GET"]}}],"collection":[{"href":"https:\/\/yiralabrador.com\/index.php?rest_route=\/wp\/v2\/pages"}],"about":[{"href":"https:\/\/yiralabrador.com\/index.php?rest_route=\/wp\/v2\/types\/page"}],"author":[{"embeddable":true,"href":"https:\/\/yiralabrador.com\/index.php?rest_route=\/wp\/v2\/users\/1"}],"replies":[{"embeddable":true,"href":"https:\/\/yiralabrador.com\/index.php?rest_route=%2Fwp%2Fv2%2Fcomments&post=70"}],"version-history":[{"count":5,"href":"https:\/\/yiralabrador.com\/index.php?rest_route=\/wp\/v2\/pages\/70\/revisions"}],"predecessor-version":[{"id":1991,"href":"https:\/\/yiralabrador.com\/index.php?rest_route=\/wp\/v2\/pages\/70\/revisions\/1991"}],"wp:attachment":[{"href":"https:\/\/yiralabrador.com\/index.php?rest_route=%2Fwp%2Fv2%2Fmedia&parent=70"}],"curies":[{"name":"wp","href":"https:\/\/api.w.org\/{rel}","templated":true}]}}