{"id":784,"date":"2016-10-18T10:48:56","date_gmt":"2016-10-18T10:48:56","guid":{"rendered":"http:\/\/yiralabrador.com\/?page_id=784"},"modified":"2021-05-04T15:15:30","modified_gmt":"2021-05-04T15:15:30","slug":"homepage-2","status":"publish","type":"page","link":"https:\/\/yiralabrador.com\/","title":{"rendered":"Homepage 2"},"content":{"rendered":"<p>[vc_row full_width=\u00bbstretch_row_content\u00bb][vc_column][vc_empty_space alter_height=\u00bblarge\u00bb hide_on_mobile=\u00bb\u00bb]<div id=\"sc_icons_1971475067\" \n\tclass=\"sc_icons sc_icons_default sc_icons_size_small sc_align_left\"\n\t\t><h3 class=\"sc_item_title sc_icons_title sc_align_center sc_item_title_style_default\">Hay una terapia para cada necesidad<\/h3><h6 class=\"sc_item_subtitle sc_icons_subtitle sc_align_center sc_item_title_style_default\">Psicoterapia presencial y on-line<\/h6><div class=\"sc_icons_columns sc_item_columns trx_addons_columns_wrap columns_padding_bottom\"><div class=\"trx_addons_column-1_3\"><div class=\"sc_icons_item sc_icons_item_linked\"><div id=\"sc_icons_1971475067_icon-users-group\" class=\"sc_icons_icon sc_icon_type_fontawesome icon-users-group\"\n\t\t\t\t\t\t style=\"background-color: #ffb600\"\t\t\t\t\t\t><span class=\"sc_icon_inner\" style=\"background-color: #ffb600\"><\/span><\/div><h3 class=\"sc_icons_title\"><span>Psicoterapia Individual<\/span><\/h3><div class=\"sc_icons_description\"><span>Presencial en mi consulta de Alicante y tambi\u00e9n de manera on-line. + info &gt;&gt;<\/span><\/div><a href=\"http:\/\/yiralabrador.com\/?page_id=165\" class=\"sc_icons_link\"><\/a><\/div><\/div><div class=\"trx_addons_column-1_3\"><div class=\"sc_icons_item sc_icons_item_linked\"><div id=\"sc_icons_1971475067_fa fa-weixin\" class=\"sc_icons_icon sc_icon_type_fontawesome fa fa-weixin\"\n\t\t\t\t\t\t style=\"background-color: #c1333f\"\t\t\t\t\t\t><span class=\"sc_icon_inner\" style=\"background-color: #c1333f\"><\/span><\/div><h3 class=\"sc_icons_title\"><span>Talleres<\/span><\/h3><div class=\"sc_icons_description\"><span>Talleres de empoderamiento y autoconocimiento. + info &gt;&gt;<\/span><\/div><a href=\"http:\/\/yiralabrador.com\/?page_id=1665\" class=\"sc_icons_link\"><\/a><\/div><\/div><div class=\"trx_addons_column-1_3\"><div class=\"sc_icons_item sc_icons_item_linked\"><div id=\"sc_icons_1971475067_icon-star\" class=\"sc_icons_icon sc_icon_type_fontawesome icon-star\"\n\t\t\t\t\t\t style=\"background-color: #9da649\"\t\t\t\t\t\t><span class=\"sc_icon_inner\" style=\"background-color: #9da649\"><\/span><\/div><h3 class=\"sc_icons_title\"><span>Constelaciones <\/span><\/h3><div class=\"sc_icons_description\"><span>Constelaciones Familiares y Sist\u00e9micas. + info &gt;&gt;<\/span><\/div><a href=\"http:\/\/yiralabrador.com\/?page_id=1649\" class=\"sc_icons_link\"><\/a><\/div><\/div><\/div><\/div><!-- \/.sc_icons -->[vc_empty_space alter_height=\u00bblarge\u00bb hide_on_mobile=\u00bb\u00bb][vc_empty_space alter_height=\u00bbsmall\u00bb hide_on_mobile=\u00bb\u00bb][\/vc_column][\/vc_row][vc_row full_width=\u00bbstretch_row\u00bb css=\u00bb.vc_custom_1599403173125{background: #ffb600 url(https:\/\/yiralabrador.com\/wp-content\/uploads\/2020\/09\/background-4_2-1.jpg?id=1539) !important;background-position: center !important;background-repeat: no-repeat !important;background-size: cover !important;}\u00bb][vc_column width=\u00bb1\/2&#8243;][vc_empty_space alter_height=\u00bblarge\u00bb hide_on_mobile=\u00bb1,2&#8243;][vc_empty_space alter_height=\u00bbhuge\u00bb hide_on_mobile=\u00bb\u00bb]<div id=\"sc_content_1756742565\"\r\n\t\tclass=\"scheme_dark sc_content sc_content_default\"><h3 class=\"sc_item_title sc_content_title sc_align_default sc_item_title_style_default\">Por qu\u00e9 me dedico a esto<\/h3><h6 class=\"sc_item_subtitle sc_content_subtitle sc_align_default sc_item_title_style_default\">Ser psicoterapeuta me hace feliz<\/h6><div class=\"sc_content_container\">[vc_column_text el_class=\u00bbt-1r7&#8243;]<\/p>\n<h6 class=\"trx_addons_lh_20\"><span style=\"color: #ffffff;\">Soy Yira Labrador Castro, psic\u00f3loga hispano venezolana, con m\u00e1s de 15 a\u00f1os de experiencia en consulta privada en Alicante. Estudi\u00e9 psicolog\u00eda en la Universidad Central de Venezuela y a los pocos a\u00f1os me vine a vivir a Espa\u00f1a. Homologu\u00e9 mi t\u00edtulo en el a\u00f1o 2004 y desde entonces sigo atendiendo a pacientes mientras contin\u00fao mi camino de crecimiento personal y profesional<\/span><\/h6>\n<p>[\/vc_column_text]<\/div><\/div><!-- \/.sc_content -->[vc_empty_space alter_height=\u00bblarge\u00bb hide_on_mobile=\u00bb\u00bb][vc_empty_space alter_height=\u00bbhuge\u00bb hide_on_mobile=\u00bb1,2&#8243;][vc_empty_space alter_height=\u00bbmedium\u00bb hide_on_mobile=\u00bb1&#8243;][\/vc_column][vc_column width=\u00bb1\/2&#8243;][vc_empty_space alter_height=\u00bblarge\u00bb hide_on_mobile=\u00bb1,2&#8243;][vc_empty_space alter_height=\u00bbhuge\u00bb hide_on_mobile=\u00bb1&#8243;]<div class=\"cq-coverslider  navigation-overlay-right longshadow lightgray \" data-imagemaxheight=\"300\" data-buttonbackground=\"\" data-buttonhoverbackground=\"#222F46\" data-contentbackground=\"\" data-contentcolor=\"\" data-arrowcolor=\"\" data-arrowhovercolor=\"\" data-delaytime=\"7\"><div class=\"cq-coverslider-area btn-small square\"><div class=\"cq-coverslider-cover\"><div class=\"cq-coverslider-itemcontainer\"><div class=\"cq-coverslider-imageitem\"><img decoding=\"async\" src=\"https:\/\/yiralabrador.com\/wp-content\/uploads\/2020\/08\/image-01_slide.jpg\" class=\"cq-coverslider-image\" alt=\"\"><\/div><div class=\"cq-coverslider-imageitem\"><img decoding=\"async\" src=\"https:\/\/yiralabrador.com\/wp-content\/uploads\/2020\/08\/image-02_slide.jpg\" class=\"cq-coverslider-image\" alt=\"\"><\/div><div class=\"cq-coverslider-imageitem\"><img decoding=\"async\" src=\"https:\/\/yiralabrador.com\/wp-content\/uploads\/2020\/08\/image-03_slide.jpg\" class=\"cq-coverslider-image\" alt=\"\"><\/div><div class=\"cq-coverslider-imageitem\"><img decoding=\"async\" src=\"https:\/\/yiralabrador.com\/wp-content\/uploads\/2020\/08\/image-04_slide.jpg\" class=\"cq-coverslider-image\" alt=\"\"><\/div><div class=\"cq-coverslider-imageitem\"><img decoding=\"async\" src=\"https:\/\/yiralabrador.com\/wp-content\/uploads\/2020\/08\/image-05_slide.jpg\" class=\"cq-coverslider-image\" alt=\"\"><\/div><div class=\"cq-coverslider-imageitem\"><img decoding=\"async\" src=\"https:\/\/yiralabrador.com\/wp-content\/uploads\/2020\/08\/image-06_slide.jpg\" class=\"cq-coverslider-image\" alt=\"\"><\/div><\/div><\/div><div class=\"cq-coverslider-content\"><div class=\"cq-coverslider-contentitem\">\u201cA los 14 a\u00f1os decid\u00ed que quer\u00eda estudiar psicolog\u00eda. Hab\u00eda le\u00eddo libros, hablado con psic\u00f3logos y sobre todo era la hija mayor de una familia de 3 hermanas y hermano y quer\u00eda ayudar. Fue una decisi\u00f3n meditada con la que me compromet\u00ed al 100%, que cost\u00f3 esfuerzo y sacrificios familiares y personales hasta llegar a la meta.\u201d<\/div><div class=\"cq-coverslider-contentitem\">\u201cEn Espa\u00f1a tuve la suerte de encontrarme con grandes terapeutas y mejores personas que me fueron acompa\u00f1ando en mi proceso de autoconocimiento y aprendizaje profesional. Porque ser psicoterapeuta es un proceso que dura toda la vida. Igual que la vida misma.\u201d<\/div><div class=\"cq-coverslider-contentitem\">\u201cCuando estoy en consulta me siento completamente centrada y presente, atenta desde la compasi\u00f3n y el cuidado de la otra persona. Me siento \u00fatil y consecuente con mi objetivo profesional.\u201d<\/div><div class=\"cq-coverslider-contentitem\">\u201cSigo form\u00e1ndome, supervisando mis casos y mis procesos internos, como parte fundamental del proceso de ser una psicoterapeuta competente y feliz.\u201d<\/div><div class=\"cq-coverslider-contentitem\">\u201cComo mujer, considero que el trabajo con mujeres tiene el plus de acompa\u00f1ar al despertar individual que finalmente se refleja en un despertar colectivo. Una vez le\u00ed que cada mujer que despierta ayuda a otras mujeres a despertar.\u201d<\/div><div class=\"cq-coverslider-contentitem\">\u201cQuiero creer que es un despertar inclusivo, cada persona que despierta ayuda a las otras a despertar y as\u00ed construir un mundo mejor.\u201d<\/p>\n<p><\/div><\/div><\/div><div class=\"cq-coverslider-navigation btn-small\"><div class=\"coverslider-navigation-prev\"><i class=\"cq-coverslider-icon entypo-icon entypo-icon-left-open-big\"><\/i><\/div><div class=\"coverslider-navigation-next\"><i class=\"cq-coverslider-icon entypo-icon entypo-icon-right-open-big\"><\/i><\/div><\/div><\/div>[vc_empty_space alter_height=\u00bblarge\u00bb hide_on_mobile=\u00bb1,2&#8243;][vc_empty_space alter_height=\u00bblarge\u00bb hide_on_mobile=\u00bb\u00bb][vc_empty_space alter_height=\u00bbmedium\u00bb hide_on_mobile=\u00bb\u00bb][\/vc_column][\/vc_row][vc_row full_width=\u00bbstretch_row\u00bb gap=\u00bb1&#8243; css=\u00bb.vc_custom_1600206367908{background-color: #eaeaea !important;background-position: center !important;background-repeat: no-repeat !important;background-size: cover !important;}\u00bb][vc_column][vc_empty_space hide_on_mobile=\u00bb\u00bb]<div id=\"sc_content_889122243\"\r\n\t\tclass=\"sc_content sc_content_default sc_float_center sc_align_center\"><h3 class=\"sc_item_title sc_content_title sc_align_center sc_item_title_style_default\">Mis herramientas de trabajo<\/h3><h6 class=\"sc_item_subtitle sc_content_subtitle sc_align_center sc_item_title_style_default\">Trabajo con la persona adulta que solicita ayuda para poder desarrollarse con mayor plenitud.<\/h6><div class=\"sc_content_container\"><\/div><\/div><!-- \/.sc_content -->[vc_empty_space alter_height=\u00bblarge\u00bb hide_on_mobile=\u00bb\u00bb][\/vc_column][\/vc_row][vc_row full_width=\u00bbstretch_row\u00bb gap=\u00bb1&#8243; css=\u00bb.vc_custom_1600206335898{background-color: #eaeaea !important;background-position: center !important;background-repeat: no-repeat !important;background-size: cover !important;}\u00bb][vc_column width=\u00bb1\/3&#8243;][vc_single_image image=\u00bb1440&#8243; img_size=\u00bbfull\u00bb][vc_empty_space height=\u00bb64px\u00bb hide_on_mobile=\u00bb\u00bb css=\u00bb.vc_custom_1600206491076{background-color: #ffffff !important;background-position: center !important;background-repeat: no-repeat !important;background-size: cover !important;}\u00bb]<div id=\"sc_content_1488063932\"\r\n\t\tclass=\"sc_content sc_content_default  vc_custom_1600206635299\"><h6 class=\"sc_item_subtitle sc_content_subtitle sc_align_center sc_item_title_style_default\">Enfoque gest\u00e1ltico<\/h6><div class=\"sc_content_container\">[vc_empty_space hide_on_mobile=\u00bb\u00bb]<\/div><\/div><!-- \/.sc_content -->[vc_column_text css=\u00bb.vc_custom_1605448835052{background-color: #ffffff !important;background-position: center !important;background-repeat: no-repeat !important;background-size: cover !important;}\u00bb]<\/p>\n<p style=\"text-align: center;\">La herramienta gest\u00e1ltica aporta al trabajo terap\u00e9utico la atenci\u00f3n sobre lo que est\u00e1 ocurriendo en el momento presente. La respiraci\u00f3n, las emociones que fluyen o son retenidas, los pensamientos esquivos o que se repiten insistentemente, el qu\u00e9 y el c\u00f3mo se dice, as\u00ed como lo que no se dice. A todos estos est\u00edmulos le damos cabida dentro de la sesi\u00f3n, con la finalidad de que la persona se vaya apropiando de sus partes, de su totalidad.<\/p>\n<p style=\"text-align: center;\"><a href=\"https:\/\/yiralabrador.com\/?cat=127\">#Respiraci\u00f3n consciente<\/a><\/p>\n<p>[\/vc_column_text][vc_empty_space alter_height=\u00bbmedium\u00bb hide_on_mobile=\u00bb\u00bb css=\u00bb.vc_custom_1600207001716{background-color: #ffffff !important;background-position: center !important;background-repeat: no-repeat !important;background-size: cover !important;}\u00bb][vc_empty_space alter_height=\u00bbsmall\u00bb hide_on_mobile=\u00bb\u00bb css=\u00bb.vc_custom_1605449070989{background-color: #ffffff !important;}\u00bb][\/vc_column][vc_column width=\u00bb1\/3&#8243;][vc_single_image image=\u00bb1541&#8243; img_size=\u00bbfull\u00bb][vc_empty_space height=\u00bb64px\u00bb hide_on_mobile=\u00bb\u00bb css=\u00bb.vc_custom_1600206825349{background-color: #ffffff !important;background-position: center !important;background-repeat: no-repeat !important;background-size: cover !important;}\u00bb]<div id=\"sc_content_371653716\"\r\n\t\tclass=\"sc_content sc_content_default sc_align_center  vc_custom_1600206867303\"><h6 class=\"sc_item_subtitle sc_content_subtitle sc_align_default sc_item_title_style_default\">Enfoque sist\u00e9mico<\/h6><div class=\"sc_content_container\">[vc_empty_space hide_on_mobile=\u00bb\u00bb css=\u00bb.vc_custom_1600206885856{background-color: #ffffff !important;background-position: center !important;background-repeat: no-repeat !important;background-size: cover !important;}\u00bb]<\/div><\/div><!-- \/.sc_content -->[vc_column_text css=\u00bb.vc_custom_1605448894950{background-color: #ffffff !important;background-position: center !important;background-repeat: no-repeat !important;background-size: cover !important;}\u00bb]<\/p>\n<p style=\"text-align: center;\">La herramienta sist\u00e9mica aporta una visi\u00f3n global de la persona, su lugar en su sistema familiar, los v\u00ednculos y alianzas que ha establecido con su lugar de origen, familia, cultura. De esta manera el abordaje de los problemas que le traen a consulta es m\u00e1s amplio, buscando integrar aquello que ha sido separado, aquello que ha sido olvidado pero que su eco en el presente es doloroso.Se aplica tanto en sesi\u00f3n individual como en talleres grupales.<\/p>\n<p style=\"text-align: center;\"><a href=\"https:\/\/yiralabrador.com\/?cat=124\">#La vida como regalo<\/a><\/p>\n<p>[\/vc_column_text][vc_empty_space alter_height=\u00bbmedium\u00bb hide_on_mobile=\u00bb\u00bb css=\u00bb.vc_custom_1605449021105{background-color: #ffffff !important;}\u00bb][vc_empty_space alter_height=\u00bbsmall\u00bb hide_on_mobile=\u00bb\u00bb css=\u00bb.vc_custom_1605449031327{background-color: #ffffff !important;}\u00bb][\/vc_column][vc_column width=\u00bb1\/3&#8243;][vc_single_image image=\u00bb1543&#8243; img_size=\u00bbfull\u00bb alignment=\u00bbcenter\u00bb][vc_empty_space height=\u00bb64px\u00bb hide_on_mobile=\u00bb\u00bb css=\u00bb.vc_custom_1600199481717{background-color: #ffffff !important;}\u00bb]<div id=\"sc_content_1975563900\"\r\n\t\tclass=\"sc_content sc_content_default  vc_custom_1600199491838\"><h6 class=\"sc_item_subtitle sc_content_subtitle sc_align_center sc_item_title_style_default\">An\u00e1lisis del car\u00e1cter<\/h6><div class=\"sc_content_container\">[vc_empty_space hide_on_mobile=\u00bb\u00bb css=\u00bb.vc_custom_1600199643985{background-color: #ffffff !important;}\u00bb]<\/div><\/div><!-- \/.sc_content -->[vc_column_text css=\u00bb.vc_custom_1605448941711{background-color: #ffffff !important;}\u00bb]<\/p>\n<p style=\"text-align: center;\">La herramienta del an\u00e1lisis del car\u00e1cter aporta un mapa para comprender el desarrollo evolutivo de la personalidad, d\u00f3nde se han quedado ancladas las conductas y las emociones que no le permiten vivir con alegr\u00eda y en consonancia con su destino. Con la mirada puesta en la potencialidad que hay en el interior de cada persona. Acogiendo y cuestionando lo que le hace da\u00f1o a s\u00ed misma y a su entorno. Soltando las capas que envuelven y limitan la potencialidad amorosa y creativa<\/p>\n<p style=\"text-align: center;\"><a href=\"https:\/\/yiralabrador.com\/?cat=117\">#Escucha compasiva<\/a><\/p>\n<p>[\/vc_column_text][vc_empty_space alter_height=\u00bbmedium\u00bb hide_on_mobile=\u00bb\u00bb css=\u00bb.vc_custom_1600206984691{background-color: #ffffff !important;background-position: center !important;background-repeat: no-repeat !important;background-size: cover !important;}\u00bb][\/vc_column][\/vc_row][vc_row full_width=\u00bbstretch_row\u00bb scheme=\u00bbdark\u00bb css=\u00bb.vc_custom_1598806148755{background-color: #ffb600 !important;background-position: center !important;background-repeat: no-repeat !important;background-size: cover !important;}\u00bb][vc_column][vc_empty_space alter_height=\u00bblarge\u00bb hide_on_mobile=\u00bb\u00bb]<div class=\"sc_testimonials_3 sc_testimonials_default swiper-slider-container slider_swiper slider_nocontrols slider_pagination\"\t\t>\n\t\t<h3 class=\"sc_item_title sc_testimonials_title sc_align_center sc_item_title_style_default\">Testimonios<\/h3><div class=\"sc_testimonials_slider sc_item_slider slides swiper-wrapper\"><div class=\"swiper-slide\">\t\t\t<div class=\"sc_testimonials_item\">\n\t\t\t\t<div class=\"sc_testimonials_item_content\"><p>Nunca cre\u00ed que dar\u00eda el paso de acudir a una terapia, al final lo hice y es lo mejor que he hecho en mucho tiempo porque cre\u00eda que nadie podr\u00eda ayudarme a superar el duelo que estaba viviendo.<br \/>\nYira me ha ayudado a comprender que el pasado no tiene que doler tanto, que de todo lo roto que me sent\u00eda por dentro pod\u00edan salir brotes nuevos y poder ser feliz.<br \/>\nEs una persona maravillosa y una gran profesional que ha sabido escucharme, apoyarme y guiarme en cada momento, nunca dudar\u00e9 en volver a hablar con ella si lo necesitara.<\/p>\n<\/div>\n\t\t\t\t<div class=\"sc_testimonials_item_author\">\n\t\t\t\t\t\t\t\t\t\t<div class=\"sc_testimonials_item_author_data\">\n\t\t\t\t\t\t<div class=\"sc_testimonials_item_author_subtitle\">Juanma, 35 a\u00f1os<\/div>\n\t\t\t\t\t<\/div>\n\t\t\t\t<\/div>\n\t\t\t<\/div>\n\t\t\t<\/div><div class=\"swiper-slide\">\t\t\t<div class=\"sc_testimonials_item\">\n\t\t\t\t<div class=\"sc_testimonials_item_content\"><p>Tras un tiempo en el que no sab\u00eda c\u00f3mo salir de la angustia que me atormentaba, decid\u00ed ir a terapia con Yira. En todo momento me sent\u00ed apoyada, escuchada, orient\u00e1ndome para encontrar en m\u00ed misma los recursos con los que afrontar la situaci\u00f3n y que hasta el momento desconoc\u00eda. Aprend\u00ed a conocerme, a encontrar mis propias estrategias y a valorarme. Yira es una gran profesional, totalmente recomendada. No dudar\u00eda en acudir a ella si la volviese a necesitar.<\/p>\n<\/div>\n\t\t\t\t<div class=\"sc_testimonials_item_author\">\n\t\t\t\t\t\t\t\t\t\t<div class=\"sc_testimonials_item_author_data\">\n\t\t\t\t\t\t<div class=\"sc_testimonials_item_author_subtitle\">Elena, 33 a\u00f1os<\/div>\n\t\t\t\t\t<\/div>\n\t\t\t\t<\/div>\n\t\t\t<\/div>\n\t\t\t<\/div><div class=\"swiper-slide\">\t\t\t<div class=\"sc_testimonials_item\">\n\t\t\t\t<div class=\"sc_testimonials_item_content\"><p>Nunca cre\u00ed que podr\u00eda ESTAR BIEN, tener una vida, MI VIDA, gracias a Yira me cur\u00e9, me encontr\u00e9 bien, me reconoc\u00ed, acept\u00e9 y gust\u00e9, y pude hacerme cargo de m\u00ed y de mi vida. Estudi\u00e9, consegu\u00ed los trabajos que me gustaban, mejoraron much\u00edsimo mis relaciones familiares y de pareja, me ilusion\u00e9, emprend\u00ed proyectos\u2026y, a veces, cuando flaqueo, me acuerdo de Yira, de sus palabras, sus consejos, su calma, su ayuda, su apoyo, su sost\u00e9n, y lo aplico, y me siento mejor, y vuelvo a salir.<\/p>\n<\/div>\n\t\t\t\t<div class=\"sc_testimonials_item_author\">\n\t\t\t\t\t\t\t\t\t\t<div class=\"sc_testimonials_item_author_data\">\n\t\t\t\t\t\t<div class=\"sc_testimonials_item_author_subtitle\">Mar, 48 a\u00f1os<\/div>\n\t\t\t\t\t<\/div>\n\t\t\t\t<\/div>\n\t\t\t<\/div>\n\t\t\t<\/div><div class=\"swiper-slide\">\t\t\t<div class=\"sc_testimonials_item\">\n\t\t\t\t<div class=\"sc_testimonials_item_content\"><p>Fui a varios psic\u00f3logos a lo largo de mi vida, con mejores o peores experiencias siempre me parece que es bueno buscar ayuda, sentirse comprendidos. Quiz\u00e1 eso es lo que m\u00e1s disfrut\u00e9 de mi terapia con Yira, su capacidad de no absolutizar nada, que es un gran miedo que uno tiene cuando empieza una nueva terapia y acompa\u00f1arte en el camino combatiendo miedos. Como una exploraci\u00f3n en conjunto en buenos y malos momentos.<\/p>\n<\/div>\n\t\t\t\t<div class=\"sc_testimonials_item_author\">\n\t\t\t\t\t\t\t\t\t\t<div class=\"sc_testimonials_item_author_data\">\n\t\t\t\t\t\t<div class=\"sc_testimonials_item_author_subtitle\">Francisco, 21 a\u00f1os<\/div>\n\t\t\t\t\t<\/div>\n\t\t\t\t<\/div>\n\t\t\t<\/div>\n\t\t\t<\/div><\/div><div class=\"slider_pagination_wrap swiper-pagination\"><\/div><\/div><!-- \/.sc_testimonials -->[vc_empty_space height=\u00bb6px\u00bb alter_height=\u00bbnone\u00bb hide_on_mobile=\u00bb\u00bb][vc_empty_space alter_height=\u00bbhuge\u00bb hide_on_mobile=\u00bb\u00bb][\/vc_column][\/vc_row][vc_row full_width=\u00bbstretch_row_content_no_spaces\u00bb][vc_column]<div id=\"sc_googlemap_41003174_wrap\" class=\"sc_googlemap_wrap\"><div id=\"sc_googlemap_41003174\"\r\n\t\t\tclass=\"sc_googlemap sc_googlemap_default\"\r\n\t\t\t style=\"width:100%;height:568px;\"\t\t\tdata-zoom=\"16\"\r\n\t\t\tdata-style=\"melanie\"\r\n\t\t><iframe\r\n\t\t\t\tsrc=\"https:\/\/maps.google.com\/maps?t=m&output=embed&iwloc=near&z=16&q=Av.+Catedr%C3%A1tico+Soler%2C+23.+03008.+Alicante\"\r\n\t\t\t\tscrolling=\"no\"\r\n\t\t\t\tmarginheight=\"0\"\r\n\t\t\t\tmarginwidth=\"0\"\r\n\t\t\t\tframeborder=\"0\"\r\n\t\t\t\taria-label=\"\"><\/iframe><\/div><\/div><!-- \/.sc_googlemap_wrap -->[\/vc_column][\/vc_row]<\/p>\n","protected":false},"excerpt":{"rendered":"<p>[vc_row full_width=\u00bbstretch_row_content\u00bb][vc_column][vc_empty_space alter_height=\u00bblarge\u00bb hide_on_mobile=\u00bb\u00bb][vc_empty_space alter_height=\u00bblarge\u00bb hide_on_mobile=\u00bb\u00bb][vc_empty_space alter_height=\u00bbsmall\u00bb hide_on_mobile=\u00bb\u00bb][\/vc_column][\/vc_row][vc_row full_width=\u00bbstretch_row\u00bb css=\u00bb.vc_custom_1599403173125{background: #ffb600 url(https:\/\/yiralabrador.com\/wp-content\/uploads\/2020\/09\/background-4_2-1.jpg?id=1539) !important;background-position: center !important;background-repeat: no-repeat !important;background-size: cover !important;}\u00bb][vc_column width=\u00bb1\/2&#8243;][vc_empty_space alter_height=\u00bblarge\u00bb hide_on_mobile=\u00bb1,2&#8243;][vc_empty_space alter_height=\u00bbhuge\u00bb hide_on_mobile=\u00bb\u00bb][vc_empty_space alter_height=\u00bblarge\u00bb hide_on_mobile=\u00bb\u00bb][vc_empty_space alter_height=\u00bbhuge\u00bb hide_on_mobile=\u00bb1,2&#8243;][vc_empty_space alter_height=\u00bbmedium\u00bb hide_on_mobile=\u00bb1&#8243;][\/vc_column][vc_column width=\u00bb1\/2&#8243;][vc_empty_space alter_height=\u00bblarge\u00bb hide_on_mobile=\u00bb1,2&#8243;][vc_empty_space alter_height=\u00bbhuge\u00bb hide_on_mobile=\u00bb1&#8243;][vc_empty_space alter_height=\u00bblarge\u00bb hide_on_mobile=\u00bb1,2&#8243;][vc_empty_space alter_height=\u00bblarge\u00bb hide_on_mobile=\u00bb\u00bb][vc_empty_space alter_height=\u00bbmedium\u00bb hide_on_mobile=\u00bb\u00bb][\/vc_column][\/vc_row][vc_row full_width=\u00bbstretch_row\u00bb gap=\u00bb1&#8243; css=\u00bb.vc_custom_1600206367908{background-color: #eaeaea !important;background-position: center !important;background-repeat: no-repeat !important;background-size: cover !important;}\u00bb][vc_column][vc_empty_space hide_on_mobile=\u00bb\u00bb][vc_empty_space alter_height=\u00bblarge\u00bb hide_on_mobile=\u00bb\u00bb][\/vc_column][\/vc_row][vc_row full_width=\u00bbstretch_row\u00bb gap=\u00bb1&#8243; css=\u00bb.vc_custom_1600206335898{background-color: #eaeaea !important;background-position:&hellip;<\/p>\n","protected":false},"author":1,"featured_media":0,"parent":0,"menu_order":0,"comment_status":"closed","ping_status":"closed","template":"","meta":{"footnotes":""},"class_list":["post-784","page","type-page","status-publish","hentry"],"_links":{"self":[{"href":"https:\/\/yiralabrador.com\/index.php?rest_route=\/wp\/v2\/pages\/784","targetHints":{"allow":["GET"]}}],"collection":[{"href":"https:\/\/yiralabrador.com\/index.php?rest_route=\/wp\/v2\/pages"}],"about":[{"href":"https:\/\/yiralabrador.com\/index.php?rest_route=\/wp\/v2\/types\/page"}],"author":[{"embeddable":true,"href":"https:\/\/yiralabrador.com\/index.php?rest_route=\/wp\/v2\/users\/1"}],"replies":[{"embeddable":true,"href":"https:\/\/yiralabrador.com\/index.php?rest_route=%2Fwp%2Fv2%2Fcomments&post=784"}],"version-history":[{"count":5,"href":"https:\/\/yiralabrador.com\/index.php?rest_route=\/wp\/v2\/pages\/784\/revisions"}],"predecessor-version":[{"id":2064,"href":"https:\/\/yiralabrador.com\/index.php?rest_route=\/wp\/v2\/pages\/784\/revisions\/2064"}],"wp:attachment":[{"href":"https:\/\/yiralabrador.com\/index.php?rest_route=%2Fwp%2Fv2%2Fmedia&parent=784"}],"curies":[{"name":"wp","href":"https:\/\/api.w.org\/{rel}","templated":true}]}}